{"id":775,"date":"2024-03-22T12:57:39","date_gmt":"2024-03-22T12:57:39","guid":{"rendered":"http:\/\/clavellcanals.com\/veronica-sanchez-fuentes\/"},"modified":"2026-02-27T12:24:44","modified_gmt":"2026-02-27T12:24:44","slug":"alex-sole-louzeiro","status":"publish","type":"page","link":"https:\/\/clavellcanals.com\/en\/about-us\/alex-sole-louzeiro\/","title":{"rendered":"Alex Sol\u00e9 Louzeiro"},"content":{"rendered":"<p><strong>Graduate in Law<\/strong> from the Universitat de Barcelona (2023), he completed the Master\u2019s Degree in Advocacy and Legal Practice at the same university, as well as the Master\u2019s Degree in Advanced Legal Sciences at the Universitat Pompeu Fabra.<\/p>\n<p><strong>He is a registered<\/strong> lawyer with the Il\u00b7lustre Col\u00b7legi de l\u2019Advocacia de Barcelona (ICAB) and currently offers it\u2019s services at Clavell Canals Consulting, where he develops his professional practice in the fields of Civil and Real Estate law.<\/p>\n<p><strong>Previously<\/strong>, he worked as a legal assistant at Heredamos Servicios Jur\u00eddicos, a firm specialized in inheritance law, and completed an internship at the Comissi\u00f3 Jur\u00eddica Assessora from Generalitat de Catalunya, participating in the analysis of advisory doctrine and the preparation of legal reports.<\/p>\n","protected":false},"excerpt":{"rendered":"<p>Graduate in Law from the Universitat de Barcelona (2023), he completed the Master\u2019s Degree in Advocacy and Legal Practice at the same university, as well as the Master\u2019s Degree in Advanced Legal Sciences at the Universitat Pompeu Fabra. He is a registered lawyer with the Il\u00b7lustre Col\u00b7legi de l\u2019Advocacia de Barcelona (ICAB) and currently offers [&hellip;]<\/p>\n","protected":false},"author":1,"featured_media":1591,"parent":799,"menu_order":6,"comment_status":"closed","ping_status":"closed","template":"page-equip.php","meta":{"_acf_changed":false,"footnotes":""},"class_list":["post-775","page","type-page","status-publish","has-post-thumbnail","hentry"],"acf":[],"yoast_head":"<!-- This site is optimized with the Yoast SEO plugin v23.9 - https:\/\/yoast.com\/wordpress\/plugins\/seo\/ -->\n<title>Alex Sol\u00e9 Louzeiro - Clavell Canals Consulting<\/title>\n<meta name=\"robots\" content=\"index, follow, max-snippet:-1, max-image-preview:large, max-video-preview:-1\" \/>\n<link rel=\"canonical\" href=\"https:\/\/clavellcanals.com\/en\/about-us\/alex-sole-louzeiro\/\" \/>\n<meta property=\"og:locale\" content=\"en_US\" \/>\n<meta property=\"og:type\" content=\"article\" \/>\n<meta property=\"og:title\" content=\"Alex Sol\u00e9 Louzeiro - Clavell Canals Consulting\" \/>\n<meta property=\"og:description\" content=\"Graduate in Law from the Universitat de Barcelona (2023), he completed the Master\u2019s Degree in Advocacy and Legal Practice at the same university, as well as the Master\u2019s Degree in Advanced Legal Sciences at the Universitat Pompeu Fabra. He is a registered lawyer with the Il\u00b7lustre Col\u00b7legi de l\u2019Advocacia de Barcelona (ICAB) and currently offers [&hellip;]\" \/>\n<meta property=\"og:url\" content=\"https:\/\/clavellcanals.com\/en\/about-us\/alex-sole-louzeiro\/\" \/>\n<meta property=\"og:site_name\" content=\"Clavell Canals Consulting\" \/>\n<meta property=\"article:modified_time\" content=\"2026-02-27T12:24:44+00:00\" \/>\n<meta property=\"og:image\" content=\"http:\/\/clavellcanals.com\/wp-content\/uploads\/2026\/02\/aleix-sole.jpg\" \/>\n\t<meta property=\"og:image:width\" content=\"876\" \/>\n\t<meta property=\"og:image:height\" content=\"817\" \/>\n\t<meta property=\"og:image:type\" content=\"image\/jpeg\" \/>\n<meta name=\"twitter:card\" content=\"summary_large_image\" \/>\n<meta name=\"twitter:label1\" content=\"Est. reading time\" \/>\n\t<meta name=\"twitter:data1\" content=\"1 minute\" \/>\n<script type=\"application\/ld+json\" class=\"yoast-schema-graph\">{\"@context\":\"https:\/\/schema.org\",\"@graph\":[{\"@type\":\"WebPage\",\"@id\":\"https:\/\/clavellcanals.com\/en\/about-us\/alex-sole-louzeiro\/\",\"url\":\"https:\/\/clavellcanals.com\/en\/about-us\/alex-sole-louzeiro\/\",\"name\":\"Alex Sol\u00e9 Louzeiro - Clavell Canals Consulting\",\"isPartOf\":{\"@id\":\"https:\/\/clavellcanals.com\/#website\"},\"primaryImageOfPage\":{\"@id\":\"https:\/\/clavellcanals.com\/en\/about-us\/alex-sole-louzeiro\/#primaryimage\"},\"image\":{\"@id\":\"https:\/\/clavellcanals.com\/en\/about-us\/alex-sole-louzeiro\/#primaryimage\"},\"thumbnailUrl\":\"https:\/\/clavellcanals.com\/wp-content\/uploads\/2026\/02\/aleix-sole.jpg\",\"datePublished\":\"2024-03-22T12:57:39+00:00\",\"dateModified\":\"2026-02-27T12:24:44+00:00\",\"breadcrumb\":{\"@id\":\"https:\/\/clavellcanals.com\/en\/about-us\/alex-sole-louzeiro\/#breadcrumb\"},\"inLanguage\":\"en-US\",\"potentialAction\":[{\"@type\":\"ReadAction\",\"target\":[\"https:\/\/clavellcanals.com\/en\/about-us\/alex-sole-louzeiro\/\"]}]},{\"@type\":\"ImageObject\",\"inLanguage\":\"en-US\",\"@id\":\"https:\/\/clavellcanals.com\/en\/about-us\/alex-sole-louzeiro\/#primaryimage\",\"url\":\"https:\/\/clavellcanals.com\/wp-content\/uploads\/2026\/02\/aleix-sole.jpg\",\"contentUrl\":\"https:\/\/clavellcanals.com\/wp-content\/uploads\/2026\/02\/aleix-sole.jpg\",\"width\":876,\"height\":817},{\"@type\":\"BreadcrumbList\",\"@id\":\"https:\/\/clavellcanals.com\/en\/about-us\/alex-sole-louzeiro\/#breadcrumb\",\"itemListElement\":[{\"@type\":\"ListItem\",\"position\":1,\"name\":\"Inici\",\"item\":\"https:\/\/clavellcanals.com\/en\/\"},{\"@type\":\"ListItem\",\"position\":2,\"name\":\"About us\",\"item\":\"https:\/\/clavellcanals.com\/en\/about-us\/\"},{\"@type\":\"ListItem\",\"position\":3,\"name\":\"Alex Sol\u00e9 Louzeiro\"}]},{\"@type\":\"WebSite\",\"@id\":\"https:\/\/clavellcanals.com\/#website\",\"url\":\"https:\/\/clavellcanals.com\/\",\"name\":\"Clavell Canals Consulting\",\"description\":\"\",\"potentialAction\":[{\"@type\":\"SearchAction\",\"target\":{\"@type\":\"EntryPoint\",\"urlTemplate\":\"https:\/\/clavellcanals.com\/?s={search_term_string}\"},\"query-input\":{\"@type\":\"PropertyValueSpecification\",\"valueRequired\":true,\"valueName\":\"search_term_string\"}}],\"inLanguage\":\"en-US\"}]}<\/script>\n<!-- \/ Yoast SEO plugin. -->","yoast_head_json":{"title":"Alex Sol\u00e9 Louzeiro - Clavell Canals Consulting","robots":{"index":"index","follow":"follow","max-snippet":"max-snippet:-1","max-image-preview":"max-image-preview:large","max-video-preview":"max-video-preview:-1"},"canonical":"https:\/\/clavellcanals.com\/en\/about-us\/alex-sole-louzeiro\/","og_locale":"en_US","og_type":"article","og_title":"Alex Sol\u00e9 Louzeiro - Clavell Canals Consulting","og_description":"Graduate in Law from the Universitat de Barcelona (2023), he completed the Master\u2019s Degree in Advocacy and Legal Practice at the same university, as well as the Master\u2019s Degree in Advanced Legal Sciences at the Universitat Pompeu Fabra. He is a registered lawyer with the Il\u00b7lustre Col\u00b7legi de l\u2019Advocacia de Barcelona (ICAB) and currently offers [&hellip;]","og_url":"https:\/\/clavellcanals.com\/en\/about-us\/alex-sole-louzeiro\/","og_site_name":"Clavell Canals Consulting","article_modified_time":"2026-02-27T12:24:44+00:00","og_image":[{"width":876,"height":817,"url":"http:\/\/clavellcanals.com\/wp-content\/uploads\/2026\/02\/aleix-sole.jpg","type":"image\/jpeg"}],"twitter_card":"summary_large_image","twitter_misc":{"Est. reading time":"1 minute"},"schema":{"@context":"https:\/\/schema.org","@graph":[{"@type":"WebPage","@id":"https:\/\/clavellcanals.com\/en\/about-us\/alex-sole-louzeiro\/","url":"https:\/\/clavellcanals.com\/en\/about-us\/alex-sole-louzeiro\/","name":"Alex Sol\u00e9 Louzeiro - Clavell Canals Consulting","isPartOf":{"@id":"https:\/\/clavellcanals.com\/#website"},"primaryImageOfPage":{"@id":"https:\/\/clavellcanals.com\/en\/about-us\/alex-sole-louzeiro\/#primaryimage"},"image":{"@id":"https:\/\/clavellcanals.com\/en\/about-us\/alex-sole-louzeiro\/#primaryimage"},"thumbnailUrl":"https:\/\/clavellcanals.com\/wp-content\/uploads\/2026\/02\/aleix-sole.jpg","datePublished":"2024-03-22T12:57:39+00:00","dateModified":"2026-02-27T12:24:44+00:00","breadcrumb":{"@id":"https:\/\/clavellcanals.com\/en\/about-us\/alex-sole-louzeiro\/#breadcrumb"},"inLanguage":"en-US","potentialAction":[{"@type":"ReadAction","target":["https:\/\/clavellcanals.com\/en\/about-us\/alex-sole-louzeiro\/"]}]},{"@type":"ImageObject","inLanguage":"en-US","@id":"https:\/\/clavellcanals.com\/en\/about-us\/alex-sole-louzeiro\/#primaryimage","url":"https:\/\/clavellcanals.com\/wp-content\/uploads\/2026\/02\/aleix-sole.jpg","contentUrl":"https:\/\/clavellcanals.com\/wp-content\/uploads\/2026\/02\/aleix-sole.jpg","width":876,"height":817},{"@type":"BreadcrumbList","@id":"https:\/\/clavellcanals.com\/en\/about-us\/alex-sole-louzeiro\/#breadcrumb","itemListElement":[{"@type":"ListItem","position":1,"name":"Inici","item":"https:\/\/clavellcanals.com\/en\/"},{"@type":"ListItem","position":2,"name":"About us","item":"https:\/\/clavellcanals.com\/en\/about-us\/"},{"@type":"ListItem","position":3,"name":"Alex Sol\u00e9 Louzeiro"}]},{"@type":"WebSite","@id":"https:\/\/clavellcanals.com\/#website","url":"https:\/\/clavellcanals.com\/","name":"Clavell Canals Consulting","description":"","potentialAction":[{"@type":"SearchAction","target":{"@type":"EntryPoint","urlTemplate":"https:\/\/clavellcanals.com\/?s={search_term_string}"},"query-input":{"@type":"PropertyValueSpecification","valueRequired":true,"valueName":"search_term_string"}}],"inLanguage":"en-US"}]}},"_links":{"self":[{"href":"https:\/\/clavellcanals.com\/en\/wp-json\/wp\/v2\/pages\/775","targetHints":{"allow":["GET"]}}],"collection":[{"href":"https:\/\/clavellcanals.com\/en\/wp-json\/wp\/v2\/pages"}],"about":[{"href":"https:\/\/clavellcanals.com\/en\/wp-json\/wp\/v2\/types\/page"}],"author":[{"embeddable":true,"href":"https:\/\/clavellcanals.com\/en\/wp-json\/wp\/v2\/users\/1"}],"replies":[{"embeddable":true,"href":"https:\/\/clavellcanals.com\/en\/wp-json\/wp\/v2\/comments?post=775"}],"version-history":[{"count":3,"href":"https:\/\/clavellcanals.com\/en\/wp-json\/wp\/v2\/pages\/775\/revisions"}],"predecessor-version":[{"id":1635,"href":"https:\/\/clavellcanals.com\/en\/wp-json\/wp\/v2\/pages\/775\/revisions\/1635"}],"up":[{"embeddable":true,"href":"https:\/\/clavellcanals.com\/en\/wp-json\/wp\/v2\/pages\/799"}],"wp:featuredmedia":[{"embeddable":true,"href":"https:\/\/clavellcanals.com\/en\/wp-json\/wp\/v2\/media\/1591"}],"wp:attachment":[{"href":"https:\/\/clavellcanals.com\/en\/wp-json\/wp\/v2\/media?parent=775"}],"curies":[{"name":"wp","href":"https:\/\/api.w.org\/{rel}","templated":true}]}}