{"id":785,"date":"2024-03-22T08:16:51","date_gmt":"2024-03-22T08:16:51","guid":{"rendered":"http:\/\/clavellcanals.com\/politiques-publiques\/"},"modified":"2024-04-22T10:20:29","modified_gmt":"2024-04-22T10:20:29","slug":"public-policies","status":"publish","type":"page","link":"https:\/\/clavellcanals.com\/en\/public-policies\/","title":{"rendered":"Public Policies"},"content":{"rendered":"<p>The specialization and experience of Clavell Canals consulting in Administrative Law has led us to a special interest in Public Policies.<\/p>\n<p>The necessary democratic regeneration of the country requires alliances based on knowledge that allow the implementation of adequate policies, especially for the disadvantaged people of society.<\/p>\n<p>Both the public and private sectors and social organizations have a role to play in this context. From Clavell Canals consulting we bring our background to contribute to the objectives of modernization and effectiveness of public policies. The team&#8217;s concern for public policies is specified in various actions:<\/p>\n<p>&nbsp;<\/p>\n<ul>\n<li><b>Support for Public Administrations<\/b><br \/>\nDrafting of regulatory texts, preparation of plans and projects when there is a need to meet or to bring out an improvement of their policies.<\/li>\n<li><b>Support for Citizen Organizations<br \/>\n<\/b>Personal participation of the director of Clavell Canals Consulting in transformative movements and spaces related to Europeanism, energy, mobility and new city models. Promotion of projects that allow policies to be specified in daily practice. Teaching and dissemination.<\/li>\n<li><b>Europeanism<br \/>\n<\/b><a href=\"https:\/\/clavellcanals.com\/en\/public-policy#\" target=\"_blank\" rel=\"noopener noreferrer\">Catalunya-Europa Foundation<\/a><br \/>\nDC is a patron member of the Foundation, for the Europeanism promotion, and managing the legacy of Pasqual Maragall.<\/li>\n<li><b>Energy<br \/>\n<\/b><a href=\"https:\/\/fundacionrenovables.org\/\" target=\"_blank\" rel=\"noopener noreferrer\">Fundaci\u00f3n Renovables<\/a><br \/>\nDolors Clavell (DC) is a patron member of the foundation.<br \/>\n<a href=\"http:\/\/cmescollective.org\/\" target=\"_blank\" rel=\"noopener noreferrer\">CMES \/ Collective for a New Sustainable Energy and Social Model<\/a><br \/>\nDC is a member of the collective.<br \/>\n<a href=\"http:\/\/www.somenergia.coop\/\" target=\"_blank\" rel=\"noopener noreferrer\">Som Energia<\/a><br \/>\nDC is member of the cooperative, and from 2013-17 sat on its governing council.<\/li>\n<li><b>Mobility<br \/>\n<\/b><a href=\"https:\/\/transportpublic.org\/\" target=\"_blank\" rel=\"noopener noreferrer\">Associaci\u00f3 Promoci\u00f3 Transport P\u00fablic (PTP)<\/a><br \/>\nDC is vice-president of the board.<\/li>\n<li><b>Housing and Urban Issues<br \/>\n<\/b><a href=\"https:\/\/clavellcanals.com\/en\/public-policy#\" target=\"_blank\" rel=\"noopener noreferrer\">Associaci\u00f3 Casa Alternativa.<\/a><br \/>\nDC is president of this association, which includes active individuals responsible for our concrete innovative projects in the area of housing, on a variety of levels. The association encourages action and initiative in projects, moving beyond theory or the mere description of the problem of housing.<\/li>\n<\/ul>\n","protected":false},"excerpt":{"rendered":"<p>The specialization and experience of Clavell Canals consulting in Administrative Law has led us to a special interest in Public Policies. The necessary democratic regeneration of the country requires alliances based on knowledge that allow the implementation of adequate policies, especially for the disadvantaged people of society. Both the public and private sectors and social [&hellip;]<\/p>\n","protected":false},"author":1,"featured_media":787,"parent":0,"menu_order":0,"comment_status":"closed","ping_status":"closed","template":"page-serveis.php","meta":{"_acf_changed":false,"footnotes":""},"class_list":["post-785","page","type-page","status-publish","has-post-thumbnail","hentry"],"acf":[],"yoast_head":"<!-- This site is optimized with the Yoast SEO plugin v23.9 - https:\/\/yoast.com\/wordpress\/plugins\/seo\/ -->\n<title>Public Policies - Clavell Canals Consulting<\/title>\n<meta name=\"robots\" content=\"index, follow, max-snippet:-1, max-image-preview:large, max-video-preview:-1\" \/>\n<link rel=\"canonical\" href=\"https:\/\/clavellcanals.com\/en\/public-policies\/\" \/>\n<meta property=\"og:locale\" content=\"en_US\" \/>\n<meta property=\"og:type\" content=\"article\" \/>\n<meta property=\"og:title\" content=\"Public Policies - Clavell Canals Consulting\" \/>\n<meta property=\"og:description\" content=\"The specialization and experience of Clavell Canals consulting in Administrative Law has led us to a special interest in Public Policies. The necessary democratic regeneration of the country requires alliances based on knowledge that allow the implementation of adequate policies, especially for the disadvantaged people of society. Both the public and private sectors and social [&hellip;]\" \/>\n<meta property=\"og:url\" content=\"https:\/\/clavellcanals.com\/en\/public-policies\/\" \/>\n<meta property=\"og:site_name\" content=\"Clavell Canals Consulting\" \/>\n<meta property=\"article:modified_time\" content=\"2024-04-22T10:20:29+00:00\" \/>\n<meta property=\"og:image\" content=\"https:\/\/clavellcanals.com\/wp-content\/uploads\/2024\/04\/publiques.jpg\" \/>\n\t<meta property=\"og:image:width\" content=\"1920\" \/>\n\t<meta property=\"og:image:height\" content=\"922\" \/>\n\t<meta property=\"og:image:type\" content=\"image\/jpeg\" \/>\n<meta name=\"twitter:card\" content=\"summary_large_image\" \/>\n<meta name=\"twitter:label1\" content=\"Est. reading time\" \/>\n\t<meta name=\"twitter:data1\" content=\"2 minutes\" \/>\n<script type=\"application\/ld+json\" class=\"yoast-schema-graph\">{\"@context\":\"https:\/\/schema.org\",\"@graph\":[{\"@type\":\"WebPage\",\"@id\":\"https:\/\/clavellcanals.com\/en\/public-policies\/\",\"url\":\"https:\/\/clavellcanals.com\/en\/public-policies\/\",\"name\":\"Public Policies - Clavell Canals Consulting\",\"isPartOf\":{\"@id\":\"https:\/\/clavellcanals.com\/#website\"},\"primaryImageOfPage\":{\"@id\":\"https:\/\/clavellcanals.com\/en\/public-policies\/#primaryimage\"},\"image\":{\"@id\":\"https:\/\/clavellcanals.com\/en\/public-policies\/#primaryimage\"},\"thumbnailUrl\":\"https:\/\/clavellcanals.com\/wp-content\/uploads\/2024\/04\/publiques.jpg\",\"datePublished\":\"2024-03-22T08:16:51+00:00\",\"dateModified\":\"2024-04-22T10:20:29+00:00\",\"breadcrumb\":{\"@id\":\"https:\/\/clavellcanals.com\/en\/public-policies\/#breadcrumb\"},\"inLanguage\":\"en-US\",\"potentialAction\":[{\"@type\":\"ReadAction\",\"target\":[\"https:\/\/clavellcanals.com\/en\/public-policies\/\"]}]},{\"@type\":\"ImageObject\",\"inLanguage\":\"en-US\",\"@id\":\"https:\/\/clavellcanals.com\/en\/public-policies\/#primaryimage\",\"url\":\"https:\/\/clavellcanals.com\/wp-content\/uploads\/2024\/04\/publiques.jpg\",\"contentUrl\":\"https:\/\/clavellcanals.com\/wp-content\/uploads\/2024\/04\/publiques.jpg\",\"width\":1920,\"height\":922},{\"@type\":\"BreadcrumbList\",\"@id\":\"https:\/\/clavellcanals.com\/en\/public-policies\/#breadcrumb\",\"itemListElement\":[{\"@type\":\"ListItem\",\"position\":1,\"name\":\"Inici\",\"item\":\"https:\/\/clavellcanals.com\/en\/\"},{\"@type\":\"ListItem\",\"position\":2,\"name\":\"Public Policies\"}]},{\"@type\":\"WebSite\",\"@id\":\"https:\/\/clavellcanals.com\/#website\",\"url\":\"https:\/\/clavellcanals.com\/\",\"name\":\"Clavell Canals Consulting\",\"description\":\"\",\"potentialAction\":[{\"@type\":\"SearchAction\",\"target\":{\"@type\":\"EntryPoint\",\"urlTemplate\":\"https:\/\/clavellcanals.com\/?s={search_term_string}\"},\"query-input\":{\"@type\":\"PropertyValueSpecification\",\"valueRequired\":true,\"valueName\":\"search_term_string\"}}],\"inLanguage\":\"en-US\"}]}<\/script>\n<!-- \/ Yoast SEO plugin. -->","yoast_head_json":{"title":"Public Policies - Clavell Canals Consulting","robots":{"index":"index","follow":"follow","max-snippet":"max-snippet:-1","max-image-preview":"max-image-preview:large","max-video-preview":"max-video-preview:-1"},"canonical":"https:\/\/clavellcanals.com\/en\/public-policies\/","og_locale":"en_US","og_type":"article","og_title":"Public Policies - Clavell Canals Consulting","og_description":"The specialization and experience of Clavell Canals consulting in Administrative Law has led us to a special interest in Public Policies. The necessary democratic regeneration of the country requires alliances based on knowledge that allow the implementation of adequate policies, especially for the disadvantaged people of society. Both the public and private sectors and social [&hellip;]","og_url":"https:\/\/clavellcanals.com\/en\/public-policies\/","og_site_name":"Clavell Canals Consulting","article_modified_time":"2024-04-22T10:20:29+00:00","og_image":[{"width":1920,"height":922,"url":"https:\/\/clavellcanals.com\/wp-content\/uploads\/2024\/04\/publiques.jpg","type":"image\/jpeg"}],"twitter_card":"summary_large_image","twitter_misc":{"Est. reading time":"2 minutes"},"schema":{"@context":"https:\/\/schema.org","@graph":[{"@type":"WebPage","@id":"https:\/\/clavellcanals.com\/en\/public-policies\/","url":"https:\/\/clavellcanals.com\/en\/public-policies\/","name":"Public Policies - Clavell Canals Consulting","isPartOf":{"@id":"https:\/\/clavellcanals.com\/#website"},"primaryImageOfPage":{"@id":"https:\/\/clavellcanals.com\/en\/public-policies\/#primaryimage"},"image":{"@id":"https:\/\/clavellcanals.com\/en\/public-policies\/#primaryimage"},"thumbnailUrl":"https:\/\/clavellcanals.com\/wp-content\/uploads\/2024\/04\/publiques.jpg","datePublished":"2024-03-22T08:16:51+00:00","dateModified":"2024-04-22T10:20:29+00:00","breadcrumb":{"@id":"https:\/\/clavellcanals.com\/en\/public-policies\/#breadcrumb"},"inLanguage":"en-US","potentialAction":[{"@type":"ReadAction","target":["https:\/\/clavellcanals.com\/en\/public-policies\/"]}]},{"@type":"ImageObject","inLanguage":"en-US","@id":"https:\/\/clavellcanals.com\/en\/public-policies\/#primaryimage","url":"https:\/\/clavellcanals.com\/wp-content\/uploads\/2024\/04\/publiques.jpg","contentUrl":"https:\/\/clavellcanals.com\/wp-content\/uploads\/2024\/04\/publiques.jpg","width":1920,"height":922},{"@type":"BreadcrumbList","@id":"https:\/\/clavellcanals.com\/en\/public-policies\/#breadcrumb","itemListElement":[{"@type":"ListItem","position":1,"name":"Inici","item":"https:\/\/clavellcanals.com\/en\/"},{"@type":"ListItem","position":2,"name":"Public Policies"}]},{"@type":"WebSite","@id":"https:\/\/clavellcanals.com\/#website","url":"https:\/\/clavellcanals.com\/","name":"Clavell Canals Consulting","description":"","potentialAction":[{"@type":"SearchAction","target":{"@type":"EntryPoint","urlTemplate":"https:\/\/clavellcanals.com\/?s={search_term_string}"},"query-input":{"@type":"PropertyValueSpecification","valueRequired":true,"valueName":"search_term_string"}}],"inLanguage":"en-US"}]}},"_links":{"self":[{"href":"https:\/\/clavellcanals.com\/en\/wp-json\/wp\/v2\/pages\/785","targetHints":{"allow":["GET"]}}],"collection":[{"href":"https:\/\/clavellcanals.com\/en\/wp-json\/wp\/v2\/pages"}],"about":[{"href":"https:\/\/clavellcanals.com\/en\/wp-json\/wp\/v2\/types\/page"}],"author":[{"embeddable":true,"href":"https:\/\/clavellcanals.com\/en\/wp-json\/wp\/v2\/users\/1"}],"replies":[{"embeddable":true,"href":"https:\/\/clavellcanals.com\/en\/wp-json\/wp\/v2\/comments?post=785"}],"version-history":[{"count":3,"href":"https:\/\/clavellcanals.com\/en\/wp-json\/wp\/v2\/pages\/785\/revisions"}],"predecessor-version":[{"id":843,"href":"https:\/\/clavellcanals.com\/en\/wp-json\/wp\/v2\/pages\/785\/revisions\/843"}],"wp:featuredmedia":[{"embeddable":true,"href":"https:\/\/clavellcanals.com\/en\/wp-json\/wp\/v2\/media\/787"}],"wp:attachment":[{"href":"https:\/\/clavellcanals.com\/en\/wp-json\/wp\/v2\/media?parent=785"}],"curies":[{"name":"wp","href":"https:\/\/api.w.org\/{rel}","templated":true}]}}