{"id":1113,"date":"2024-04-24T08:53:42","date_gmt":"2024-04-24T08:53:42","guid":{"rendered":"https:\/\/clavellcanals.com\/politica-de-privacitat\/"},"modified":"2024-04-24T08:55:50","modified_gmt":"2024-04-24T08:55:50","slug":"politica-de-privacidad","status":"publish","type":"page","link":"https:\/\/clavellcanals.com\/es\/politica-de-privacidad\/","title":{"rendered":"Pol\u00edtica de privacidad"},"content":{"rendered":"<p>En cumplimiento con lo dispuesto a la Ley Org\u00e1nica 15\/1999, de 13 de diciembre, de Protecci\u00f3n de Datos de Car\u00e1cter Personal (\u2018LOPD\u2019), le informamos que los datos personales e informaci\u00f3n que nos facilite a trav\u00e9s de nuestra p\u00e1gina web, as\u00ed como los datos a los cuales Clavel Consulting acceda como consecuencia de la consulta, o solicitud realizada a trav\u00e9s de la p\u00e1gina web clavellconsulting.com, ser\u00e1n incorporados en un fichero de datos de car\u00e1cter personal titularidad de Clavel Consulting.<\/p>\n<p>&nbsp;<\/p>\n<p>La no cumplimentaci\u00f3n o la cumplimentaci\u00f3n parcial de los datos de car\u00e1cter personal solicitados en cualquier formulario electr\u00f3nico podr\u00eda suponer que Clavel Consulting no pudiera atender su solicitud.<\/p>\n<p>&nbsp;<\/p>\n<p>Clavel Consulting adopta los niveles de seguridad requeridos por el Real decreto 1720\/2007, de 21 de diciembre, por el cual se aprueba el Reglamento de desarrollo de la LOPD, adecuados a la naturaleza de los datos que son objeto de tratamiento en cada momento.<\/p>\n<p>&nbsp;<\/p>\n<p>Los derechos de acceso, rectificaci\u00f3n, cancelaci\u00f3n y oposici\u00f3n al tratamiento de sus datos personales (derechos ARCO), en los t\u00e9rminos y condiciones previstos en la propia LOPD pueden ejercerse en las oficinas de C\/ Mallorca, 264, 2n 2a (Barcelona) o mediante correo electr\u00f3nico a\u00a0<span id=\"cloak0594f6dba6d383996ce25a4c36d42944\"><a href=\"mailto:gestion@clavellconsulting.com\">gestion@clavellconsulting.com<\/a><\/span><\/p>\n","protected":false},"excerpt":{"rendered":"<p>En cumplimiento con lo dispuesto a la Ley Org\u00e1nica 15\/1999, de 13 de diciembre, de Protecci\u00f3n de Datos de Car\u00e1cter Personal (\u2018LOPD\u2019), le informamos que los datos personales e informaci\u00f3n que nos facilite a trav\u00e9s de nuestra p\u00e1gina web, as\u00ed como los datos a los cuales Clavel Consulting acceda como consecuencia de la consulta, o [&hellip;]<\/p>\n","protected":false},"author":1,"featured_media":0,"parent":0,"menu_order":0,"comment_status":"closed","ping_status":"closed","template":"","meta":{"_acf_changed":false,"footnotes":""},"class_list":["post-1113","page","type-page","status-publish","hentry"],"acf":[],"yoast_head":"<!-- This site is optimized with the Yoast SEO plugin v23.9 - https:\/\/yoast.com\/wordpress\/plugins\/seo\/ -->\n<title>Pol\u00edtica de privacidad - Clavell Canals Consulting<\/title>\n<meta name=\"robots\" content=\"index, follow, max-snippet:-1, max-image-preview:large, max-video-preview:-1\" \/>\n<link rel=\"canonical\" href=\"https:\/\/clavellcanals.com\/es\/politica-de-privacidad\/\" \/>\n<meta property=\"og:locale\" content=\"es_ES\" \/>\n<meta property=\"og:type\" content=\"article\" \/>\n<meta property=\"og:title\" content=\"Pol\u00edtica de privacidad - Clavell Canals Consulting\" \/>\n<meta property=\"og:description\" content=\"En cumplimiento con lo dispuesto a la Ley Org\u00e1nica 15\/1999, de 13 de diciembre, de Protecci\u00f3n de Datos de Car\u00e1cter Personal (\u2018LOPD\u2019), le informamos que los datos personales e informaci\u00f3n que nos facilite a trav\u00e9s de nuestra p\u00e1gina web, as\u00ed como los datos a los cuales Clavel Consulting acceda como consecuencia de la consulta, o [&hellip;]\" \/>\n<meta property=\"og:url\" content=\"https:\/\/clavellcanals.com\/es\/politica-de-privacidad\/\" \/>\n<meta property=\"og:site_name\" content=\"Clavell Canals Consulting\" \/>\n<meta property=\"article:modified_time\" content=\"2024-04-24T08:55:50+00:00\" \/>\n<meta name=\"twitter:card\" content=\"summary_large_image\" \/>\n<meta name=\"twitter:label1\" content=\"Tiempo de lectura\" \/>\n\t<meta name=\"twitter:data1\" content=\"2 minutos\" \/>\n<script type=\"application\/ld+json\" class=\"yoast-schema-graph\">{\"@context\":\"https:\/\/schema.org\",\"@graph\":[{\"@type\":\"WebPage\",\"@id\":\"https:\/\/clavellcanals.com\/es\/politica-de-privacidad\/\",\"url\":\"https:\/\/clavellcanals.com\/es\/politica-de-privacidad\/\",\"name\":\"Pol\u00edtica de privacidad - Clavell Canals Consulting\",\"isPartOf\":{\"@id\":\"https:\/\/clavellcanals.com\/#website\"},\"datePublished\":\"2024-04-24T08:53:42+00:00\",\"dateModified\":\"2024-04-24T08:55:50+00:00\",\"breadcrumb\":{\"@id\":\"https:\/\/clavellcanals.com\/es\/politica-de-privacidad\/#breadcrumb\"},\"inLanguage\":\"es\",\"potentialAction\":[{\"@type\":\"ReadAction\",\"target\":[\"https:\/\/clavellcanals.com\/es\/politica-de-privacidad\/\"]}]},{\"@type\":\"BreadcrumbList\",\"@id\":\"https:\/\/clavellcanals.com\/es\/politica-de-privacidad\/#breadcrumb\",\"itemListElement\":[{\"@type\":\"ListItem\",\"position\":1,\"name\":\"Inici\",\"item\":\"https:\/\/clavellcanals.com\/es\/\"},{\"@type\":\"ListItem\",\"position\":2,\"name\":\"Pol\u00edtica de privacidad\"}]},{\"@type\":\"WebSite\",\"@id\":\"https:\/\/clavellcanals.com\/#website\",\"url\":\"https:\/\/clavellcanals.com\/\",\"name\":\"Clavell Canals Consulting\",\"description\":\"\",\"potentialAction\":[{\"@type\":\"SearchAction\",\"target\":{\"@type\":\"EntryPoint\",\"urlTemplate\":\"https:\/\/clavellcanals.com\/?s={search_term_string}\"},\"query-input\":{\"@type\":\"PropertyValueSpecification\",\"valueRequired\":true,\"valueName\":\"search_term_string\"}}],\"inLanguage\":\"es\"}]}<\/script>\n<!-- \/ Yoast SEO plugin. -->","yoast_head_json":{"title":"Pol\u00edtica de privacidad - Clavell Canals Consulting","robots":{"index":"index","follow":"follow","max-snippet":"max-snippet:-1","max-image-preview":"max-image-preview:large","max-video-preview":"max-video-preview:-1"},"canonical":"https:\/\/clavellcanals.com\/es\/politica-de-privacidad\/","og_locale":"es_ES","og_type":"article","og_title":"Pol\u00edtica de privacidad - Clavell Canals Consulting","og_description":"En cumplimiento con lo dispuesto a la Ley Org\u00e1nica 15\/1999, de 13 de diciembre, de Protecci\u00f3n de Datos de Car\u00e1cter Personal (\u2018LOPD\u2019), le informamos que los datos personales e informaci\u00f3n que nos facilite a trav\u00e9s de nuestra p\u00e1gina web, as\u00ed como los datos a los cuales Clavel Consulting acceda como consecuencia de la consulta, o [&hellip;]","og_url":"https:\/\/clavellcanals.com\/es\/politica-de-privacidad\/","og_site_name":"Clavell Canals Consulting","article_modified_time":"2024-04-24T08:55:50+00:00","twitter_card":"summary_large_image","twitter_misc":{"Tiempo de lectura":"2 minutos"},"schema":{"@context":"https:\/\/schema.org","@graph":[{"@type":"WebPage","@id":"https:\/\/clavellcanals.com\/es\/politica-de-privacidad\/","url":"https:\/\/clavellcanals.com\/es\/politica-de-privacidad\/","name":"Pol\u00edtica de privacidad - Clavell Canals Consulting","isPartOf":{"@id":"https:\/\/clavellcanals.com\/#website"},"datePublished":"2024-04-24T08:53:42+00:00","dateModified":"2024-04-24T08:55:50+00:00","breadcrumb":{"@id":"https:\/\/clavellcanals.com\/es\/politica-de-privacidad\/#breadcrumb"},"inLanguage":"es","potentialAction":[{"@type":"ReadAction","target":["https:\/\/clavellcanals.com\/es\/politica-de-privacidad\/"]}]},{"@type":"BreadcrumbList","@id":"https:\/\/clavellcanals.com\/es\/politica-de-privacidad\/#breadcrumb","itemListElement":[{"@type":"ListItem","position":1,"name":"Inici","item":"https:\/\/clavellcanals.com\/es\/"},{"@type":"ListItem","position":2,"name":"Pol\u00edtica de privacidad"}]},{"@type":"WebSite","@id":"https:\/\/clavellcanals.com\/#website","url":"https:\/\/clavellcanals.com\/","name":"Clavell Canals Consulting","description":"","potentialAction":[{"@type":"SearchAction","target":{"@type":"EntryPoint","urlTemplate":"https:\/\/clavellcanals.com\/?s={search_term_string}"},"query-input":{"@type":"PropertyValueSpecification","valueRequired":true,"valueName":"search_term_string"}}],"inLanguage":"es"}]}},"_links":{"self":[{"href":"https:\/\/clavellcanals.com\/es\/wp-json\/wp\/v2\/pages\/1113","targetHints":{"allow":["GET"]}}],"collection":[{"href":"https:\/\/clavellcanals.com\/es\/wp-json\/wp\/v2\/pages"}],"about":[{"href":"https:\/\/clavellcanals.com\/es\/wp-json\/wp\/v2\/types\/page"}],"author":[{"embeddable":true,"href":"https:\/\/clavellcanals.com\/es\/wp-json\/wp\/v2\/users\/1"}],"replies":[{"embeddable":true,"href":"https:\/\/clavellcanals.com\/es\/wp-json\/wp\/v2\/comments?post=1113"}],"version-history":[{"count":3,"href":"https:\/\/clavellcanals.com\/es\/wp-json\/wp\/v2\/pages\/1113\/revisions"}],"predecessor-version":[{"id":1118,"href":"https:\/\/clavellcanals.com\/es\/wp-json\/wp\/v2\/pages\/1113\/revisions\/1118"}],"wp:attachment":[{"href":"https:\/\/clavellcanals.com\/es\/wp-json\/wp\/v2\/media?parent=1113"}],"curies":[{"name":"wp","href":"https:\/\/api.w.org\/{rel}","templated":true}]}}