{"id":1588,"date":"2026-02-24T14:17:12","date_gmt":"2026-02-24T14:17:12","guid":{"rendered":"https:\/\/clavellcanals.com\/?page_id=1588"},"modified":"2026-03-02T17:53:17","modified_gmt":"2026-03-02T17:53:17","slug":"sonia-antequera-barbero","status":"publish","type":"page","link":"https:\/\/clavellcanals.com\/es\/nosotros\/sonia-antequera-barbero\/","title":{"rendered":"S\u00f2nia Antequera Barbero"},"content":{"rendered":"<p><strong>S\u00f2nia Antequera se licenci\u00f3<\/strong> en Derecho en el a\u00f1o 1997 en la Universidad Pompeu Fabra. Prepar\u00f3 oposiciones a la Judicatura durante 6 a\u00f1os. Posteriormente, curs\u00f3 el M\u00e1ster en Derecho P\u00fablico en el Instituto de Educaci\u00f3n Continua de la Universidad Pompeu Fabra en los a\u00f1os 2003-2004, en cuyo marco particip\u00f3 en el Postgrado de profundizaci\u00f3n en Derecho P\u00fablico, en el Postgrado de Derecho de la Ordenaci\u00f3n Territorial y Urban\u00edstica y en el Postgrado de Derecho Ambiental, especializ\u00e1ndose en Derecho administrativo, urban\u00edstico e inmobiliario.<\/p>\n<p><strong>Su experiencia profesional<\/strong> se inici\u00f3 en el Departamento de Urbanismo del Distrito de Ciutat Vella del Ayuntamiento de Barcelona, durante los a\u00f1os 2003 y 2004. A partir del a\u00f1o 2004 y hasta su incorporaci\u00f3n a Clavell Canals, ha formado parte del despacho MIL\u00c0 ADVOCATS, S.L.P., dedicado al Derecho administrativo y al urbanismo.<\/p>\n","protected":false},"excerpt":{"rendered":"<p>S\u00f2nia Antequera se licenci\u00f3 en Derecho en el a\u00f1o 1997 en la Universidad Pompeu Fabra. Prepar\u00f3 oposiciones a la Judicatura durante 6 a\u00f1os. Posteriormente, curs\u00f3 el M\u00e1ster en Derecho P\u00fablico en el Instituto de Educaci\u00f3n Continua de la Universidad Pompeu Fabra en los a\u00f1os 2003-2004, en cuyo marco particip\u00f3 en el Postgrado de profundizaci\u00f3n en [&hellip;]<\/p>\n","protected":false},"author":1,"featured_media":1606,"parent":735,"menu_order":4,"comment_status":"closed","ping_status":"closed","template":"page-equip.php","meta":{"_acf_changed":false,"footnotes":""},"class_list":["post-1588","page","type-page","status-publish","has-post-thumbnail","hentry"],"acf":[],"yoast_head":"<!-- This site is optimized with the Yoast SEO plugin v23.9 - https:\/\/yoast.com\/wordpress\/plugins\/seo\/ -->\n<title>S\u00f2nia Antequera Barbero - Clavell Canals Consulting<\/title>\n<meta name=\"robots\" content=\"index, follow, max-snippet:-1, max-image-preview:large, max-video-preview:-1\" \/>\n<link rel=\"canonical\" href=\"https:\/\/clavellcanals.com\/es\/nosotros\/sonia-antequera-barbero\/\" \/>\n<meta property=\"og:locale\" content=\"es_ES\" \/>\n<meta property=\"og:type\" content=\"article\" \/>\n<meta property=\"og:title\" content=\"S\u00f2nia Antequera Barbero - Clavell Canals Consulting\" \/>\n<meta property=\"og:description\" content=\"S\u00f2nia Antequera se licenci\u00f3 en Derecho en el a\u00f1o 1997 en la Universidad Pompeu Fabra. Prepar\u00f3 oposiciones a la Judicatura durante 6 a\u00f1os. Posteriormente, curs\u00f3 el M\u00e1ster en Derecho P\u00fablico en el Instituto de Educaci\u00f3n Continua de la Universidad Pompeu Fabra en los a\u00f1os 2003-2004, en cuyo marco particip\u00f3 en el Postgrado de profundizaci\u00f3n en [&hellip;]\" \/>\n<meta property=\"og:url\" content=\"https:\/\/clavellcanals.com\/es\/nosotros\/sonia-antequera-barbero\/\" \/>\n<meta property=\"og:site_name\" content=\"Clavell Canals Consulting\" \/>\n<meta property=\"article:modified_time\" content=\"2026-03-02T17:53:17+00:00\" \/>\n<meta property=\"og:image\" content=\"http:\/\/clavellcanals.com\/wp-content\/uploads\/2026\/02\/sonia-antequera.jpg\" \/>\n\t<meta property=\"og:image:width\" content=\"876\" \/>\n\t<meta property=\"og:image:height\" content=\"817\" \/>\n\t<meta property=\"og:image:type\" content=\"image\/jpeg\" \/>\n<meta name=\"twitter:card\" content=\"summary_large_image\" \/>\n<meta name=\"twitter:label1\" content=\"Tiempo de lectura\" \/>\n\t<meta name=\"twitter:data1\" content=\"1 minuto\" \/>\n<script type=\"application\/ld+json\" class=\"yoast-schema-graph\">{\"@context\":\"https:\/\/schema.org\",\"@graph\":[{\"@type\":\"WebPage\",\"@id\":\"https:\/\/clavellcanals.com\/es\/nosotros\/sonia-antequera-barbero\/\",\"url\":\"https:\/\/clavellcanals.com\/es\/nosotros\/sonia-antequera-barbero\/\",\"name\":\"S\u00f2nia Antequera Barbero - Clavell Canals Consulting\",\"isPartOf\":{\"@id\":\"https:\/\/clavellcanals.com\/#website\"},\"primaryImageOfPage\":{\"@id\":\"https:\/\/clavellcanals.com\/es\/nosotros\/sonia-antequera-barbero\/#primaryimage\"},\"image\":{\"@id\":\"https:\/\/clavellcanals.com\/es\/nosotros\/sonia-antequera-barbero\/#primaryimage\"},\"thumbnailUrl\":\"https:\/\/clavellcanals.com\/wp-content\/uploads\/2026\/02\/sonia-antequera.jpg\",\"datePublished\":\"2026-02-24T14:17:12+00:00\",\"dateModified\":\"2026-03-02T17:53:17+00:00\",\"breadcrumb\":{\"@id\":\"https:\/\/clavellcanals.com\/es\/nosotros\/sonia-antequera-barbero\/#breadcrumb\"},\"inLanguage\":\"es\",\"potentialAction\":[{\"@type\":\"ReadAction\",\"target\":[\"https:\/\/clavellcanals.com\/es\/nosotros\/sonia-antequera-barbero\/\"]}]},{\"@type\":\"ImageObject\",\"inLanguage\":\"es\",\"@id\":\"https:\/\/clavellcanals.com\/es\/nosotros\/sonia-antequera-barbero\/#primaryimage\",\"url\":\"https:\/\/clavellcanals.com\/wp-content\/uploads\/2026\/02\/sonia-antequera.jpg\",\"contentUrl\":\"https:\/\/clavellcanals.com\/wp-content\/uploads\/2026\/02\/sonia-antequera.jpg\",\"width\":876,\"height\":817},{\"@type\":\"BreadcrumbList\",\"@id\":\"https:\/\/clavellcanals.com\/es\/nosotros\/sonia-antequera-barbero\/#breadcrumb\",\"itemListElement\":[{\"@type\":\"ListItem\",\"position\":1,\"name\":\"Inici\",\"item\":\"https:\/\/clavellcanals.com\/es\/\"},{\"@type\":\"ListItem\",\"position\":2,\"name\":\"Nosotros\",\"item\":\"https:\/\/clavellcanals.com\/es\/nosotros\/\"},{\"@type\":\"ListItem\",\"position\":3,\"name\":\"S\u00f2nia Antequera Barbero\"}]},{\"@type\":\"WebSite\",\"@id\":\"https:\/\/clavellcanals.com\/#website\",\"url\":\"https:\/\/clavellcanals.com\/\",\"name\":\"Clavell Canals Consulting\",\"description\":\"\",\"potentialAction\":[{\"@type\":\"SearchAction\",\"target\":{\"@type\":\"EntryPoint\",\"urlTemplate\":\"https:\/\/clavellcanals.com\/?s={search_term_string}\"},\"query-input\":{\"@type\":\"PropertyValueSpecification\",\"valueRequired\":true,\"valueName\":\"search_term_string\"}}],\"inLanguage\":\"es\"}]}<\/script>\n<!-- \/ Yoast SEO plugin. -->","yoast_head_json":{"title":"S\u00f2nia Antequera Barbero - Clavell Canals Consulting","robots":{"index":"index","follow":"follow","max-snippet":"max-snippet:-1","max-image-preview":"max-image-preview:large","max-video-preview":"max-video-preview:-1"},"canonical":"https:\/\/clavellcanals.com\/es\/nosotros\/sonia-antequera-barbero\/","og_locale":"es_ES","og_type":"article","og_title":"S\u00f2nia Antequera Barbero - Clavell Canals Consulting","og_description":"S\u00f2nia Antequera se licenci\u00f3 en Derecho en el a\u00f1o 1997 en la Universidad Pompeu Fabra. Prepar\u00f3 oposiciones a la Judicatura durante 6 a\u00f1os. Posteriormente, curs\u00f3 el M\u00e1ster en Derecho P\u00fablico en el Instituto de Educaci\u00f3n Continua de la Universidad Pompeu Fabra en los a\u00f1os 2003-2004, en cuyo marco particip\u00f3 en el Postgrado de profundizaci\u00f3n en [&hellip;]","og_url":"https:\/\/clavellcanals.com\/es\/nosotros\/sonia-antequera-barbero\/","og_site_name":"Clavell Canals Consulting","article_modified_time":"2026-03-02T17:53:17+00:00","og_image":[{"width":876,"height":817,"url":"http:\/\/clavellcanals.com\/wp-content\/uploads\/2026\/02\/sonia-antequera.jpg","type":"image\/jpeg"}],"twitter_card":"summary_large_image","twitter_misc":{"Tiempo de lectura":"1 minuto"},"schema":{"@context":"https:\/\/schema.org","@graph":[{"@type":"WebPage","@id":"https:\/\/clavellcanals.com\/es\/nosotros\/sonia-antequera-barbero\/","url":"https:\/\/clavellcanals.com\/es\/nosotros\/sonia-antequera-barbero\/","name":"S\u00f2nia Antequera Barbero - Clavell Canals Consulting","isPartOf":{"@id":"https:\/\/clavellcanals.com\/#website"},"primaryImageOfPage":{"@id":"https:\/\/clavellcanals.com\/es\/nosotros\/sonia-antequera-barbero\/#primaryimage"},"image":{"@id":"https:\/\/clavellcanals.com\/es\/nosotros\/sonia-antequera-barbero\/#primaryimage"},"thumbnailUrl":"https:\/\/clavellcanals.com\/wp-content\/uploads\/2026\/02\/sonia-antequera.jpg","datePublished":"2026-02-24T14:17:12+00:00","dateModified":"2026-03-02T17:53:17+00:00","breadcrumb":{"@id":"https:\/\/clavellcanals.com\/es\/nosotros\/sonia-antequera-barbero\/#breadcrumb"},"inLanguage":"es","potentialAction":[{"@type":"ReadAction","target":["https:\/\/clavellcanals.com\/es\/nosotros\/sonia-antequera-barbero\/"]}]},{"@type":"ImageObject","inLanguage":"es","@id":"https:\/\/clavellcanals.com\/es\/nosotros\/sonia-antequera-barbero\/#primaryimage","url":"https:\/\/clavellcanals.com\/wp-content\/uploads\/2026\/02\/sonia-antequera.jpg","contentUrl":"https:\/\/clavellcanals.com\/wp-content\/uploads\/2026\/02\/sonia-antequera.jpg","width":876,"height":817},{"@type":"BreadcrumbList","@id":"https:\/\/clavellcanals.com\/es\/nosotros\/sonia-antequera-barbero\/#breadcrumb","itemListElement":[{"@type":"ListItem","position":1,"name":"Inici","item":"https:\/\/clavellcanals.com\/es\/"},{"@type":"ListItem","position":2,"name":"Nosotros","item":"https:\/\/clavellcanals.com\/es\/nosotros\/"},{"@type":"ListItem","position":3,"name":"S\u00f2nia Antequera Barbero"}]},{"@type":"WebSite","@id":"https:\/\/clavellcanals.com\/#website","url":"https:\/\/clavellcanals.com\/","name":"Clavell Canals Consulting","description":"","potentialAction":[{"@type":"SearchAction","target":{"@type":"EntryPoint","urlTemplate":"https:\/\/clavellcanals.com\/?s={search_term_string}"},"query-input":{"@type":"PropertyValueSpecification","valueRequired":true,"valueName":"search_term_string"}}],"inLanguage":"es"}]}},"_links":{"self":[{"href":"https:\/\/clavellcanals.com\/es\/wp-json\/wp\/v2\/pages\/1588","targetHints":{"allow":["GET"]}}],"collection":[{"href":"https:\/\/clavellcanals.com\/es\/wp-json\/wp\/v2\/pages"}],"about":[{"href":"https:\/\/clavellcanals.com\/es\/wp-json\/wp\/v2\/types\/page"}],"author":[{"embeddable":true,"href":"https:\/\/clavellcanals.com\/es\/wp-json\/wp\/v2\/users\/1"}],"replies":[{"embeddable":true,"href":"https:\/\/clavellcanals.com\/es\/wp-json\/wp\/v2\/comments?post=1588"}],"version-history":[{"count":7,"href":"https:\/\/clavellcanals.com\/es\/wp-json\/wp\/v2\/pages\/1588\/revisions"}],"predecessor-version":[{"id":1649,"href":"https:\/\/clavellcanals.com\/es\/wp-json\/wp\/v2\/pages\/1588\/revisions\/1649"}],"up":[{"embeddable":true,"href":"https:\/\/clavellcanals.com\/es\/wp-json\/wp\/v2\/pages\/735"}],"wp:featuredmedia":[{"embeddable":true,"href":"https:\/\/clavellcanals.com\/es\/wp-json\/wp\/v2\/media\/1606"}],"wp:attachment":[{"href":"https:\/\/clavellcanals.com\/es\/wp-json\/wp\/v2\/media?parent=1588"}],"curies":[{"name":"wp","href":"https:\/\/api.w.org\/{rel}","templated":true}]}}