{"id":711,"date":"2024-03-22T12:57:39","date_gmt":"2024-03-22T12:57:39","guid":{"rendered":"http:\/\/clavellcanals.com\/veronica-sanchez-fuentes\/"},"modified":"2026-03-02T17:54:03","modified_gmt":"2026-03-02T17:54:03","slug":"alex-sole-louzeiro","status":"publish","type":"page","link":"https:\/\/clavellcanals.com\/es\/nosotros\/alex-sole-louzeiro\/","title":{"rendered":"Alex Sol\u00e9 Louzeiro"},"content":{"rendered":"<p><strong>Graduado en Derecho<\/strong> por la Universitat de Barcelona (2023), ha cursado el M\u00e1ster en Abogac\u00eda y Procura en la misma universidad y el M\u00e1ster Universitario en Ciencias Jur\u00eddicas Avanzadas en la Universitat Pompeu Fabra.<\/p>\n<p><strong>Es abogado<\/strong> colegiado en el Ilustre Colegio de la Abogac\u00eda de Barcelona (ICAB) y ejerce actualmente en el despacho Clavell Canals Consulting, donde desarrolla su pr\u00e1ctica profesional en el \u00e1mbito del Derecho civil e inmobiliario.<\/p>\n<p><strong>Con anterioridad,<\/strong> ha ejercido como asistente jur\u00eddico en Heredamos Servicios Jur\u00eddicos, despacho especializado en derecho sucesorio, y ha realizado pr\u00e1cticas en la Comisi\u00f3n Jur\u00eddica Asesora de la Generalitat de Catalunya, participando en el an\u00e1lisis de la doctrina consultiva y en la preparaci\u00f3n de informes jur\u00eddicos.<\/p>\n","protected":false},"excerpt":{"rendered":"<p>Graduado en Derecho por la Universitat de Barcelona (2023), ha cursado el M\u00e1ster en Abogac\u00eda y Procura en la misma universidad y el M\u00e1ster Universitario en Ciencias Jur\u00eddicas Avanzadas en la Universitat Pompeu Fabra. Es abogado colegiado en el Ilustre Colegio de la Abogac\u00eda de Barcelona (ICAB) y ejerce actualmente en el despacho Clavell Canals [&hellip;]<\/p>\n","protected":false},"author":1,"featured_media":1592,"parent":735,"menu_order":6,"comment_status":"closed","ping_status":"closed","template":"page-equip.php","meta":{"_acf_changed":false,"footnotes":""},"class_list":["post-711","page","type-page","status-publish","has-post-thumbnail","hentry"],"acf":[],"yoast_head":"<!-- This site is optimized with the Yoast SEO plugin v23.9 - https:\/\/yoast.com\/wordpress\/plugins\/seo\/ -->\n<title>Alex Sol\u00e9 Louzeiro - Clavell Canals Consulting<\/title>\n<meta name=\"robots\" content=\"index, follow, max-snippet:-1, max-image-preview:large, max-video-preview:-1\" \/>\n<link rel=\"canonical\" href=\"https:\/\/clavellcanals.com\/es\/nosotros\/alex-sole-louzeiro\/\" \/>\n<meta property=\"og:locale\" content=\"es_ES\" \/>\n<meta property=\"og:type\" content=\"article\" \/>\n<meta property=\"og:title\" content=\"Alex Sol\u00e9 Louzeiro - Clavell Canals Consulting\" \/>\n<meta property=\"og:description\" content=\"Graduado en Derecho por la Universitat de Barcelona (2023), ha cursado el M\u00e1ster en Abogac\u00eda y Procura en la misma universidad y el M\u00e1ster Universitario en Ciencias Jur\u00eddicas Avanzadas en la Universitat Pompeu Fabra. Es abogado colegiado en el Ilustre Colegio de la Abogac\u00eda de Barcelona (ICAB) y ejerce actualmente en el despacho Clavell Canals [&hellip;]\" \/>\n<meta property=\"og:url\" content=\"https:\/\/clavellcanals.com\/es\/nosotros\/alex-sole-louzeiro\/\" \/>\n<meta property=\"og:site_name\" content=\"Clavell Canals Consulting\" \/>\n<meta property=\"article:modified_time\" content=\"2026-03-02T17:54:03+00:00\" \/>\n<meta property=\"og:image\" content=\"http:\/\/clavellcanals.com\/wp-content\/uploads\/2026\/02\/aleix-sole.jpg\" \/>\n\t<meta property=\"og:image:width\" content=\"876\" \/>\n\t<meta property=\"og:image:height\" content=\"817\" \/>\n\t<meta property=\"og:image:type\" content=\"image\/jpeg\" \/>\n<meta name=\"twitter:card\" content=\"summary_large_image\" \/>\n<meta name=\"twitter:label1\" content=\"Tiempo de lectura\" \/>\n\t<meta name=\"twitter:data1\" content=\"1 minuto\" \/>\n<script type=\"application\/ld+json\" class=\"yoast-schema-graph\">{\"@context\":\"https:\/\/schema.org\",\"@graph\":[{\"@type\":\"WebPage\",\"@id\":\"https:\/\/clavellcanals.com\/es\/nosotros\/alex-sole-louzeiro\/\",\"url\":\"https:\/\/clavellcanals.com\/es\/nosotros\/alex-sole-louzeiro\/\",\"name\":\"Alex Sol\u00e9 Louzeiro - Clavell Canals Consulting\",\"isPartOf\":{\"@id\":\"https:\/\/clavellcanals.com\/#website\"},\"primaryImageOfPage\":{\"@id\":\"https:\/\/clavellcanals.com\/es\/nosotros\/alex-sole-louzeiro\/#primaryimage\"},\"image\":{\"@id\":\"https:\/\/clavellcanals.com\/es\/nosotros\/alex-sole-louzeiro\/#primaryimage\"},\"thumbnailUrl\":\"https:\/\/clavellcanals.com\/wp-content\/uploads\/2026\/02\/aleix-sole.jpg\",\"datePublished\":\"2024-03-22T12:57:39+00:00\",\"dateModified\":\"2026-03-02T17:54:03+00:00\",\"breadcrumb\":{\"@id\":\"https:\/\/clavellcanals.com\/es\/nosotros\/alex-sole-louzeiro\/#breadcrumb\"},\"inLanguage\":\"es\",\"potentialAction\":[{\"@type\":\"ReadAction\",\"target\":[\"https:\/\/clavellcanals.com\/es\/nosotros\/alex-sole-louzeiro\/\"]}]},{\"@type\":\"ImageObject\",\"inLanguage\":\"es\",\"@id\":\"https:\/\/clavellcanals.com\/es\/nosotros\/alex-sole-louzeiro\/#primaryimage\",\"url\":\"https:\/\/clavellcanals.com\/wp-content\/uploads\/2026\/02\/aleix-sole.jpg\",\"contentUrl\":\"https:\/\/clavellcanals.com\/wp-content\/uploads\/2026\/02\/aleix-sole.jpg\",\"width\":876,\"height\":817},{\"@type\":\"BreadcrumbList\",\"@id\":\"https:\/\/clavellcanals.com\/es\/nosotros\/alex-sole-louzeiro\/#breadcrumb\",\"itemListElement\":[{\"@type\":\"ListItem\",\"position\":1,\"name\":\"Inici\",\"item\":\"https:\/\/clavellcanals.com\/es\/\"},{\"@type\":\"ListItem\",\"position\":2,\"name\":\"Nosotros\",\"item\":\"https:\/\/clavellcanals.com\/es\/nosotros\/\"},{\"@type\":\"ListItem\",\"position\":3,\"name\":\"Alex Sol\u00e9 Louzeiro\"}]},{\"@type\":\"WebSite\",\"@id\":\"https:\/\/clavellcanals.com\/#website\",\"url\":\"https:\/\/clavellcanals.com\/\",\"name\":\"Clavell Canals Consulting\",\"description\":\"\",\"potentialAction\":[{\"@type\":\"SearchAction\",\"target\":{\"@type\":\"EntryPoint\",\"urlTemplate\":\"https:\/\/clavellcanals.com\/?s={search_term_string}\"},\"query-input\":{\"@type\":\"PropertyValueSpecification\",\"valueRequired\":true,\"valueName\":\"search_term_string\"}}],\"inLanguage\":\"es\"}]}<\/script>\n<!-- \/ Yoast SEO plugin. -->","yoast_head_json":{"title":"Alex Sol\u00e9 Louzeiro - Clavell Canals Consulting","robots":{"index":"index","follow":"follow","max-snippet":"max-snippet:-1","max-image-preview":"max-image-preview:large","max-video-preview":"max-video-preview:-1"},"canonical":"https:\/\/clavellcanals.com\/es\/nosotros\/alex-sole-louzeiro\/","og_locale":"es_ES","og_type":"article","og_title":"Alex Sol\u00e9 Louzeiro - Clavell Canals Consulting","og_description":"Graduado en Derecho por la Universitat de Barcelona (2023), ha cursado el M\u00e1ster en Abogac\u00eda y Procura en la misma universidad y el M\u00e1ster Universitario en Ciencias Jur\u00eddicas Avanzadas en la Universitat Pompeu Fabra. Es abogado colegiado en el Ilustre Colegio de la Abogac\u00eda de Barcelona (ICAB) y ejerce actualmente en el despacho Clavell Canals [&hellip;]","og_url":"https:\/\/clavellcanals.com\/es\/nosotros\/alex-sole-louzeiro\/","og_site_name":"Clavell Canals Consulting","article_modified_time":"2026-03-02T17:54:03+00:00","og_image":[{"width":876,"height":817,"url":"http:\/\/clavellcanals.com\/wp-content\/uploads\/2026\/02\/aleix-sole.jpg","type":"image\/jpeg"}],"twitter_card":"summary_large_image","twitter_misc":{"Tiempo de lectura":"1 minuto"},"schema":{"@context":"https:\/\/schema.org","@graph":[{"@type":"WebPage","@id":"https:\/\/clavellcanals.com\/es\/nosotros\/alex-sole-louzeiro\/","url":"https:\/\/clavellcanals.com\/es\/nosotros\/alex-sole-louzeiro\/","name":"Alex Sol\u00e9 Louzeiro - Clavell Canals Consulting","isPartOf":{"@id":"https:\/\/clavellcanals.com\/#website"},"primaryImageOfPage":{"@id":"https:\/\/clavellcanals.com\/es\/nosotros\/alex-sole-louzeiro\/#primaryimage"},"image":{"@id":"https:\/\/clavellcanals.com\/es\/nosotros\/alex-sole-louzeiro\/#primaryimage"},"thumbnailUrl":"https:\/\/clavellcanals.com\/wp-content\/uploads\/2026\/02\/aleix-sole.jpg","datePublished":"2024-03-22T12:57:39+00:00","dateModified":"2026-03-02T17:54:03+00:00","breadcrumb":{"@id":"https:\/\/clavellcanals.com\/es\/nosotros\/alex-sole-louzeiro\/#breadcrumb"},"inLanguage":"es","potentialAction":[{"@type":"ReadAction","target":["https:\/\/clavellcanals.com\/es\/nosotros\/alex-sole-louzeiro\/"]}]},{"@type":"ImageObject","inLanguage":"es","@id":"https:\/\/clavellcanals.com\/es\/nosotros\/alex-sole-louzeiro\/#primaryimage","url":"https:\/\/clavellcanals.com\/wp-content\/uploads\/2026\/02\/aleix-sole.jpg","contentUrl":"https:\/\/clavellcanals.com\/wp-content\/uploads\/2026\/02\/aleix-sole.jpg","width":876,"height":817},{"@type":"BreadcrumbList","@id":"https:\/\/clavellcanals.com\/es\/nosotros\/alex-sole-louzeiro\/#breadcrumb","itemListElement":[{"@type":"ListItem","position":1,"name":"Inici","item":"https:\/\/clavellcanals.com\/es\/"},{"@type":"ListItem","position":2,"name":"Nosotros","item":"https:\/\/clavellcanals.com\/es\/nosotros\/"},{"@type":"ListItem","position":3,"name":"Alex Sol\u00e9 Louzeiro"}]},{"@type":"WebSite","@id":"https:\/\/clavellcanals.com\/#website","url":"https:\/\/clavellcanals.com\/","name":"Clavell Canals Consulting","description":"","potentialAction":[{"@type":"SearchAction","target":{"@type":"EntryPoint","urlTemplate":"https:\/\/clavellcanals.com\/?s={search_term_string}"},"query-input":{"@type":"PropertyValueSpecification","valueRequired":true,"valueName":"search_term_string"}}],"inLanguage":"es"}]}},"_links":{"self":[{"href":"https:\/\/clavellcanals.com\/es\/wp-json\/wp\/v2\/pages\/711","targetHints":{"allow":["GET"]}}],"collection":[{"href":"https:\/\/clavellcanals.com\/es\/wp-json\/wp\/v2\/pages"}],"about":[{"href":"https:\/\/clavellcanals.com\/es\/wp-json\/wp\/v2\/types\/page"}],"author":[{"embeddable":true,"href":"https:\/\/clavellcanals.com\/es\/wp-json\/wp\/v2\/users\/1"}],"replies":[{"embeddable":true,"href":"https:\/\/clavellcanals.com\/es\/wp-json\/wp\/v2\/comments?post=711"}],"version-history":[{"count":6,"href":"https:\/\/clavellcanals.com\/es\/wp-json\/wp\/v2\/pages\/711\/revisions"}],"predecessor-version":[{"id":1650,"href":"https:\/\/clavellcanals.com\/es\/wp-json\/wp\/v2\/pages\/711\/revisions\/1650"}],"up":[{"embeddable":true,"href":"https:\/\/clavellcanals.com\/es\/wp-json\/wp\/v2\/pages\/735"}],"wp:featuredmedia":[{"embeddable":true,"href":"https:\/\/clavellcanals.com\/es\/wp-json\/wp\/v2\/media\/1592"}],"wp:attachment":[{"href":"https:\/\/clavellcanals.com\/es\/wp-json\/wp\/v2\/media?parent=711"}],"curies":[{"name":"wp","href":"https:\/\/api.w.org\/{rel}","templated":true}]}}