{"id":713,"date":"2024-03-22T12:56:50","date_gmt":"2024-03-22T12:56:50","guid":{"rendered":"http:\/\/clavellcanals.com\/anna-carrasco-fek\/"},"modified":"2026-02-27T12:21:20","modified_gmt":"2026-02-27T12:21:20","slug":"anna-carrasco-fek","status":"publish","type":"page","link":"https:\/\/clavellcanals.com\/es\/nosotros\/anna-carrasco-fek\/","title":{"rendered":"Anna Carrasco Fek"},"content":{"rendered":"<p><strong>Graduada en Derecho<\/strong> por la Universidad de Barcelona (2018-2022), curs\u00f3 el M\u00e1ster de Acceso a la Abogac\u00eda en la misma universidad, finalizado en el a\u00f1o 2024.<\/p>\n<p><strong>Ha completado<\/strong> el Curso Superior Universitario de Regulaci\u00f3n del Transporte y la Movilidad (ICAB-UB, 2025) y actualmente cursa el M\u00e1ster en Derecho Urban\u00edstico (APCE-ICAB, 2026).<\/p>\n<p><strong>Es abogada<\/strong> especialista en Derecho Urban\u00edstico, Vivienda y Contrataci\u00f3n P\u00fablica, con experiencia en asesoramiento tanto a administraciones p\u00fablicas como a particulares.<\/p>\n<p><strong>Miembro<\/strong> del equipo redactor del Anteproyecto de Ley del Transporte de Viajeros por Carretera.<\/p>\n","protected":false},"excerpt":{"rendered":"<p>Graduada en Derecho por la Universidad de Barcelona (2018-2022), curs\u00f3 el M\u00e1ster de Acceso a la Abogac\u00eda en la misma universidad, finalizado en el a\u00f1o 2024. Ha completado el Curso Superior Universitario de Regulaci\u00f3n del Transporte y la Movilidad (ICAB-UB, 2025) y actualmente cursa el M\u00e1ster en Derecho Urban\u00edstico (APCE-ICAB, 2026). Es abogada especialista en [&hellip;]<\/p>\n","protected":false},"author":1,"featured_media":1603,"parent":735,"menu_order":5,"comment_status":"closed","ping_status":"closed","template":"page-equip.php","meta":{"_acf_changed":false,"footnotes":""},"class_list":["post-713","page","type-page","status-publish","has-post-thumbnail","hentry"],"acf":[],"yoast_head":"<!-- This site is optimized with the Yoast SEO plugin v23.9 - https:\/\/yoast.com\/wordpress\/plugins\/seo\/ -->\n<title>Anna Carrasco Fek - Clavell Canals Consulting<\/title>\n<meta name=\"robots\" content=\"index, follow, max-snippet:-1, max-image-preview:large, max-video-preview:-1\" \/>\n<link rel=\"canonical\" href=\"https:\/\/clavellcanals.com\/es\/nosotros\/anna-carrasco-fek\/\" \/>\n<meta property=\"og:locale\" content=\"es_ES\" \/>\n<meta property=\"og:type\" content=\"article\" \/>\n<meta property=\"og:title\" content=\"Anna Carrasco Fek - Clavell Canals Consulting\" \/>\n<meta property=\"og:description\" content=\"Graduada en Derecho por la Universidad de Barcelona (2018-2022), curs\u00f3 el M\u00e1ster de Acceso a la Abogac\u00eda en la misma universidad, finalizado en el a\u00f1o 2024. Ha completado el Curso Superior Universitario de Regulaci\u00f3n del Transporte y la Movilidad (ICAB-UB, 2025) y actualmente cursa el M\u00e1ster en Derecho Urban\u00edstico (APCE-ICAB, 2026). Es abogada especialista en [&hellip;]\" \/>\n<meta property=\"og:url\" content=\"https:\/\/clavellcanals.com\/es\/nosotros\/anna-carrasco-fek\/\" \/>\n<meta property=\"og:site_name\" content=\"Clavell Canals Consulting\" \/>\n<meta property=\"article:modified_time\" content=\"2026-02-27T12:21:20+00:00\" \/>\n<meta property=\"og:image\" content=\"http:\/\/clavellcanals.com\/wp-content\/uploads\/2026\/02\/anna.jpg\" \/>\n\t<meta property=\"og:image:width\" content=\"876\" \/>\n\t<meta property=\"og:image:height\" content=\"817\" \/>\n\t<meta property=\"og:image:type\" content=\"image\/jpeg\" \/>\n<meta name=\"twitter:card\" content=\"summary_large_image\" \/>\n<meta name=\"twitter:label1\" content=\"Tiempo de lectura\" \/>\n\t<meta name=\"twitter:data1\" content=\"1 minuto\" \/>\n<script type=\"application\/ld+json\" class=\"yoast-schema-graph\">{\"@context\":\"https:\/\/schema.org\",\"@graph\":[{\"@type\":\"WebPage\",\"@id\":\"https:\/\/clavellcanals.com\/es\/nosotros\/anna-carrasco-fek\/\",\"url\":\"https:\/\/clavellcanals.com\/es\/nosotros\/anna-carrasco-fek\/\",\"name\":\"Anna Carrasco Fek - Clavell Canals Consulting\",\"isPartOf\":{\"@id\":\"https:\/\/clavellcanals.com\/#website\"},\"primaryImageOfPage\":{\"@id\":\"https:\/\/clavellcanals.com\/es\/nosotros\/anna-carrasco-fek\/#primaryimage\"},\"image\":{\"@id\":\"https:\/\/clavellcanals.com\/es\/nosotros\/anna-carrasco-fek\/#primaryimage\"},\"thumbnailUrl\":\"https:\/\/clavellcanals.com\/wp-content\/uploads\/2026\/02\/anna.jpg\",\"datePublished\":\"2024-03-22T12:56:50+00:00\",\"dateModified\":\"2026-02-27T12:21:20+00:00\",\"breadcrumb\":{\"@id\":\"https:\/\/clavellcanals.com\/es\/nosotros\/anna-carrasco-fek\/#breadcrumb\"},\"inLanguage\":\"es\",\"potentialAction\":[{\"@type\":\"ReadAction\",\"target\":[\"https:\/\/clavellcanals.com\/es\/nosotros\/anna-carrasco-fek\/\"]}]},{\"@type\":\"ImageObject\",\"inLanguage\":\"es\",\"@id\":\"https:\/\/clavellcanals.com\/es\/nosotros\/anna-carrasco-fek\/#primaryimage\",\"url\":\"https:\/\/clavellcanals.com\/wp-content\/uploads\/2026\/02\/anna.jpg\",\"contentUrl\":\"https:\/\/clavellcanals.com\/wp-content\/uploads\/2026\/02\/anna.jpg\",\"width\":876,\"height\":817},{\"@type\":\"BreadcrumbList\",\"@id\":\"https:\/\/clavellcanals.com\/es\/nosotros\/anna-carrasco-fek\/#breadcrumb\",\"itemListElement\":[{\"@type\":\"ListItem\",\"position\":1,\"name\":\"Inici\",\"item\":\"https:\/\/clavellcanals.com\/es\/\"},{\"@type\":\"ListItem\",\"position\":2,\"name\":\"Nosotros\",\"item\":\"https:\/\/clavellcanals.com\/es\/nosotros\/\"},{\"@type\":\"ListItem\",\"position\":3,\"name\":\"Anna Carrasco Fek\"}]},{\"@type\":\"WebSite\",\"@id\":\"https:\/\/clavellcanals.com\/#website\",\"url\":\"https:\/\/clavellcanals.com\/\",\"name\":\"Clavell Canals Consulting\",\"description\":\"\",\"potentialAction\":[{\"@type\":\"SearchAction\",\"target\":{\"@type\":\"EntryPoint\",\"urlTemplate\":\"https:\/\/clavellcanals.com\/?s={search_term_string}\"},\"query-input\":{\"@type\":\"PropertyValueSpecification\",\"valueRequired\":true,\"valueName\":\"search_term_string\"}}],\"inLanguage\":\"es\"}]}<\/script>\n<!-- \/ Yoast SEO plugin. -->","yoast_head_json":{"title":"Anna Carrasco Fek - Clavell Canals Consulting","robots":{"index":"index","follow":"follow","max-snippet":"max-snippet:-1","max-image-preview":"max-image-preview:large","max-video-preview":"max-video-preview:-1"},"canonical":"https:\/\/clavellcanals.com\/es\/nosotros\/anna-carrasco-fek\/","og_locale":"es_ES","og_type":"article","og_title":"Anna Carrasco Fek - Clavell Canals Consulting","og_description":"Graduada en Derecho por la Universidad de Barcelona (2018-2022), curs\u00f3 el M\u00e1ster de Acceso a la Abogac\u00eda en la misma universidad, finalizado en el a\u00f1o 2024. Ha completado el Curso Superior Universitario de Regulaci\u00f3n del Transporte y la Movilidad (ICAB-UB, 2025) y actualmente cursa el M\u00e1ster en Derecho Urban\u00edstico (APCE-ICAB, 2026). Es abogada especialista en [&hellip;]","og_url":"https:\/\/clavellcanals.com\/es\/nosotros\/anna-carrasco-fek\/","og_site_name":"Clavell Canals Consulting","article_modified_time":"2026-02-27T12:21:20+00:00","og_image":[{"width":876,"height":817,"url":"http:\/\/clavellcanals.com\/wp-content\/uploads\/2026\/02\/anna.jpg","type":"image\/jpeg"}],"twitter_card":"summary_large_image","twitter_misc":{"Tiempo de lectura":"1 minuto"},"schema":{"@context":"https:\/\/schema.org","@graph":[{"@type":"WebPage","@id":"https:\/\/clavellcanals.com\/es\/nosotros\/anna-carrasco-fek\/","url":"https:\/\/clavellcanals.com\/es\/nosotros\/anna-carrasco-fek\/","name":"Anna Carrasco Fek - Clavell Canals Consulting","isPartOf":{"@id":"https:\/\/clavellcanals.com\/#website"},"primaryImageOfPage":{"@id":"https:\/\/clavellcanals.com\/es\/nosotros\/anna-carrasco-fek\/#primaryimage"},"image":{"@id":"https:\/\/clavellcanals.com\/es\/nosotros\/anna-carrasco-fek\/#primaryimage"},"thumbnailUrl":"https:\/\/clavellcanals.com\/wp-content\/uploads\/2026\/02\/anna.jpg","datePublished":"2024-03-22T12:56:50+00:00","dateModified":"2026-02-27T12:21:20+00:00","breadcrumb":{"@id":"https:\/\/clavellcanals.com\/es\/nosotros\/anna-carrasco-fek\/#breadcrumb"},"inLanguage":"es","potentialAction":[{"@type":"ReadAction","target":["https:\/\/clavellcanals.com\/es\/nosotros\/anna-carrasco-fek\/"]}]},{"@type":"ImageObject","inLanguage":"es","@id":"https:\/\/clavellcanals.com\/es\/nosotros\/anna-carrasco-fek\/#primaryimage","url":"https:\/\/clavellcanals.com\/wp-content\/uploads\/2026\/02\/anna.jpg","contentUrl":"https:\/\/clavellcanals.com\/wp-content\/uploads\/2026\/02\/anna.jpg","width":876,"height":817},{"@type":"BreadcrumbList","@id":"https:\/\/clavellcanals.com\/es\/nosotros\/anna-carrasco-fek\/#breadcrumb","itemListElement":[{"@type":"ListItem","position":1,"name":"Inici","item":"https:\/\/clavellcanals.com\/es\/"},{"@type":"ListItem","position":2,"name":"Nosotros","item":"https:\/\/clavellcanals.com\/es\/nosotros\/"},{"@type":"ListItem","position":3,"name":"Anna Carrasco Fek"}]},{"@type":"WebSite","@id":"https:\/\/clavellcanals.com\/#website","url":"https:\/\/clavellcanals.com\/","name":"Clavell Canals Consulting","description":"","potentialAction":[{"@type":"SearchAction","target":{"@type":"EntryPoint","urlTemplate":"https:\/\/clavellcanals.com\/?s={search_term_string}"},"query-input":{"@type":"PropertyValueSpecification","valueRequired":true,"valueName":"search_term_string"}}],"inLanguage":"es"}]}},"_links":{"self":[{"href":"https:\/\/clavellcanals.com\/es\/wp-json\/wp\/v2\/pages\/713","targetHints":{"allow":["GET"]}}],"collection":[{"href":"https:\/\/clavellcanals.com\/es\/wp-json\/wp\/v2\/pages"}],"about":[{"href":"https:\/\/clavellcanals.com\/es\/wp-json\/wp\/v2\/types\/page"}],"author":[{"embeddable":true,"href":"https:\/\/clavellcanals.com\/es\/wp-json\/wp\/v2\/users\/1"}],"replies":[{"embeddable":true,"href":"https:\/\/clavellcanals.com\/es\/wp-json\/wp\/v2\/comments?post=713"}],"version-history":[{"count":5,"href":"https:\/\/clavellcanals.com\/es\/wp-json\/wp\/v2\/pages\/713\/revisions"}],"predecessor-version":[{"id":1631,"href":"https:\/\/clavellcanals.com\/es\/wp-json\/wp\/v2\/pages\/713\/revisions\/1631"}],"up":[{"embeddable":true,"href":"https:\/\/clavellcanals.com\/es\/wp-json\/wp\/v2\/pages\/735"}],"wp:featuredmedia":[{"embeddable":true,"href":"https:\/\/clavellcanals.com\/es\/wp-json\/wp\/v2\/media\/1603"}],"wp:attachment":[{"href":"https:\/\/clavellcanals.com\/es\/wp-json\/wp\/v2\/media?parent=713"}],"curies":[{"name":"wp","href":"https:\/\/api.w.org\/{rel}","templated":true}]}}