{"id":715,"date":"2024-03-22T12:53:29","date_gmt":"2024-03-22T12:53:29","guid":{"rendered":"http:\/\/clavellcanals.com\/sonia-anglada-gutierrez\/"},"modified":"2026-03-09T08:06:46","modified_gmt":"2026-03-09T08:06:46","slug":"sonia-anglada-gutierrez","status":"publish","type":"page","link":"https:\/\/clavellcanals.com\/es\/nosotros\/sonia-anglada-gutierrez\/","title":{"rendered":"S\u00f2nia Anglada Guti\u00e9rrez"},"content":{"rendered":"<p><strong>Licenciada en Derecho<\/strong> por la Universidad de Barcelona (UB, 2005), ha cursado estudios de posgrado, como el M\u00e1ster en Derecho de Familia e Infancia (UB, 2015) y, actualmente, est\u00e1 cursando el Grado de Psicolog\u00eda en la Universitat Oberta de Catalunya (UOC).<\/p>\n<p><strong>Ejerce como Abogada<\/strong> (Colegiada en el Ilustre Colegio de Abogados de Barcelona) desde septiembre de 2005, comenzando su ejercicio profesional en el despacho Izquierdo Asociados (Felipe Izquierdo), asumiendo en 2016 la Direcci\u00f3n Jur\u00eddica del despacho y en 2021 la Direcci\u00f3n General.<\/p>\n<p><strong>Es tutora<\/strong> del Grado de Derecho de la Universitat Oberta de Catalunya (UOC) desde el a\u00f1o 2006, y ha sido ponente del Mentoring de Derecho de Familia, organizado por el Ilustre Colegio de Abogados de Barcelona.<\/p>\n<p><strong>Cofundadora<\/strong> del portal <a href=\"http:\/\/www.indemnizacionportuvuelo.com\">www.indemnizacionportuvuelo.com<\/a><\/p>\n<p>&nbsp;<\/p>\n","protected":false},"excerpt":{"rendered":"<p>Licenciada en Derecho por la Universidad de Barcelona (UB, 2005), ha cursado estudios de posgrado, como el M\u00e1ster en Derecho de Familia e Infancia (UB, 2015) y, actualmente, est\u00e1 cursando el Grado de Psicolog\u00eda en la Universitat Oberta de Catalunya (UOC). Ejerce como Abogada (Colegiada en el Ilustre Colegio de Abogados de Barcelona) desde septiembre [&hellip;]<\/p>\n","protected":false},"author":1,"featured_media":1586,"parent":735,"menu_order":3,"comment_status":"closed","ping_status":"closed","template":"page-equip.php","meta":{"_acf_changed":false,"footnotes":""},"class_list":["post-715","page","type-page","status-publish","has-post-thumbnail","hentry"],"acf":[],"yoast_head":"<!-- This site is optimized with the Yoast SEO plugin v23.9 - https:\/\/yoast.com\/wordpress\/plugins\/seo\/ -->\n<title>S\u00f2nia Anglada Guti\u00e9rrez - Clavell Canals Consulting<\/title>\n<meta name=\"robots\" content=\"index, follow, max-snippet:-1, max-image-preview:large, max-video-preview:-1\" \/>\n<link rel=\"canonical\" href=\"https:\/\/clavellcanals.com\/es\/nosotros\/sonia-anglada-gutierrez\/\" \/>\n<meta property=\"og:locale\" content=\"es_ES\" \/>\n<meta property=\"og:type\" content=\"article\" \/>\n<meta property=\"og:title\" content=\"S\u00f2nia Anglada Guti\u00e9rrez - Clavell Canals Consulting\" \/>\n<meta property=\"og:description\" content=\"Licenciada en Derecho por la Universidad de Barcelona (UB, 2005), ha cursado estudios de posgrado, como el M\u00e1ster en Derecho de Familia e Infancia (UB, 2015) y, actualmente, est\u00e1 cursando el Grado de Psicolog\u00eda en la Universitat Oberta de Catalunya (UOC). Ejerce como Abogada (Colegiada en el Ilustre Colegio de Abogados de Barcelona) desde septiembre [&hellip;]\" \/>\n<meta property=\"og:url\" content=\"https:\/\/clavellcanals.com\/es\/nosotros\/sonia-anglada-gutierrez\/\" \/>\n<meta property=\"og:site_name\" content=\"Clavell Canals Consulting\" \/>\n<meta property=\"article:modified_time\" content=\"2026-03-09T08:06:46+00:00\" \/>\n<meta property=\"og:image\" content=\"http:\/\/clavellcanals.com\/wp-content\/uploads\/2026\/02\/sonia.jpg\" \/>\n\t<meta property=\"og:image:width\" content=\"876\" \/>\n\t<meta property=\"og:image:height\" content=\"817\" \/>\n\t<meta property=\"og:image:type\" content=\"image\/jpeg\" \/>\n<meta name=\"twitter:card\" content=\"summary_large_image\" \/>\n<meta name=\"twitter:label1\" content=\"Tiempo de lectura\" \/>\n\t<meta name=\"twitter:data1\" content=\"1 minuto\" \/>\n<script type=\"application\/ld+json\" class=\"yoast-schema-graph\">{\"@context\":\"https:\/\/schema.org\",\"@graph\":[{\"@type\":\"WebPage\",\"@id\":\"https:\/\/clavellcanals.com\/es\/nosotros\/sonia-anglada-gutierrez\/\",\"url\":\"https:\/\/clavellcanals.com\/es\/nosotros\/sonia-anglada-gutierrez\/\",\"name\":\"S\u00f2nia Anglada Guti\u00e9rrez - Clavell Canals Consulting\",\"isPartOf\":{\"@id\":\"https:\/\/clavellcanals.com\/#website\"},\"primaryImageOfPage\":{\"@id\":\"https:\/\/clavellcanals.com\/es\/nosotros\/sonia-anglada-gutierrez\/#primaryimage\"},\"image\":{\"@id\":\"https:\/\/clavellcanals.com\/es\/nosotros\/sonia-anglada-gutierrez\/#primaryimage\"},\"thumbnailUrl\":\"https:\/\/clavellcanals.com\/wp-content\/uploads\/2026\/02\/sonia.jpg\",\"datePublished\":\"2024-03-22T12:53:29+00:00\",\"dateModified\":\"2026-03-09T08:06:46+00:00\",\"breadcrumb\":{\"@id\":\"https:\/\/clavellcanals.com\/es\/nosotros\/sonia-anglada-gutierrez\/#breadcrumb\"},\"inLanguage\":\"es\",\"potentialAction\":[{\"@type\":\"ReadAction\",\"target\":[\"https:\/\/clavellcanals.com\/es\/nosotros\/sonia-anglada-gutierrez\/\"]}]},{\"@type\":\"ImageObject\",\"inLanguage\":\"es\",\"@id\":\"https:\/\/clavellcanals.com\/es\/nosotros\/sonia-anglada-gutierrez\/#primaryimage\",\"url\":\"https:\/\/clavellcanals.com\/wp-content\/uploads\/2026\/02\/sonia.jpg\",\"contentUrl\":\"https:\/\/clavellcanals.com\/wp-content\/uploads\/2026\/02\/sonia.jpg\",\"width\":876,\"height\":817},{\"@type\":\"BreadcrumbList\",\"@id\":\"https:\/\/clavellcanals.com\/es\/nosotros\/sonia-anglada-gutierrez\/#breadcrumb\",\"itemListElement\":[{\"@type\":\"ListItem\",\"position\":1,\"name\":\"Inici\",\"item\":\"https:\/\/clavellcanals.com\/es\/\"},{\"@type\":\"ListItem\",\"position\":2,\"name\":\"Nosotros\",\"item\":\"https:\/\/clavellcanals.com\/es\/nosotros\/\"},{\"@type\":\"ListItem\",\"position\":3,\"name\":\"S\u00f2nia Anglada Guti\u00e9rrez\"}]},{\"@type\":\"WebSite\",\"@id\":\"https:\/\/clavellcanals.com\/#website\",\"url\":\"https:\/\/clavellcanals.com\/\",\"name\":\"Clavell Canals Consulting\",\"description\":\"\",\"potentialAction\":[{\"@type\":\"SearchAction\",\"target\":{\"@type\":\"EntryPoint\",\"urlTemplate\":\"https:\/\/clavellcanals.com\/?s={search_term_string}\"},\"query-input\":{\"@type\":\"PropertyValueSpecification\",\"valueRequired\":true,\"valueName\":\"search_term_string\"}}],\"inLanguage\":\"es\"}]}<\/script>\n<!-- \/ Yoast SEO plugin. -->","yoast_head_json":{"title":"S\u00f2nia Anglada Guti\u00e9rrez - Clavell Canals Consulting","robots":{"index":"index","follow":"follow","max-snippet":"max-snippet:-1","max-image-preview":"max-image-preview:large","max-video-preview":"max-video-preview:-1"},"canonical":"https:\/\/clavellcanals.com\/es\/nosotros\/sonia-anglada-gutierrez\/","og_locale":"es_ES","og_type":"article","og_title":"S\u00f2nia Anglada Guti\u00e9rrez - Clavell Canals Consulting","og_description":"Licenciada en Derecho por la Universidad de Barcelona (UB, 2005), ha cursado estudios de posgrado, como el M\u00e1ster en Derecho de Familia e Infancia (UB, 2015) y, actualmente, est\u00e1 cursando el Grado de Psicolog\u00eda en la Universitat Oberta de Catalunya (UOC). Ejerce como Abogada (Colegiada en el Ilustre Colegio de Abogados de Barcelona) desde septiembre [&hellip;]","og_url":"https:\/\/clavellcanals.com\/es\/nosotros\/sonia-anglada-gutierrez\/","og_site_name":"Clavell Canals Consulting","article_modified_time":"2026-03-09T08:06:46+00:00","og_image":[{"width":876,"height":817,"url":"http:\/\/clavellcanals.com\/wp-content\/uploads\/2026\/02\/sonia.jpg","type":"image\/jpeg"}],"twitter_card":"summary_large_image","twitter_misc":{"Tiempo de lectura":"1 minuto"},"schema":{"@context":"https:\/\/schema.org","@graph":[{"@type":"WebPage","@id":"https:\/\/clavellcanals.com\/es\/nosotros\/sonia-anglada-gutierrez\/","url":"https:\/\/clavellcanals.com\/es\/nosotros\/sonia-anglada-gutierrez\/","name":"S\u00f2nia Anglada Guti\u00e9rrez - Clavell Canals Consulting","isPartOf":{"@id":"https:\/\/clavellcanals.com\/#website"},"primaryImageOfPage":{"@id":"https:\/\/clavellcanals.com\/es\/nosotros\/sonia-anglada-gutierrez\/#primaryimage"},"image":{"@id":"https:\/\/clavellcanals.com\/es\/nosotros\/sonia-anglada-gutierrez\/#primaryimage"},"thumbnailUrl":"https:\/\/clavellcanals.com\/wp-content\/uploads\/2026\/02\/sonia.jpg","datePublished":"2024-03-22T12:53:29+00:00","dateModified":"2026-03-09T08:06:46+00:00","breadcrumb":{"@id":"https:\/\/clavellcanals.com\/es\/nosotros\/sonia-anglada-gutierrez\/#breadcrumb"},"inLanguage":"es","potentialAction":[{"@type":"ReadAction","target":["https:\/\/clavellcanals.com\/es\/nosotros\/sonia-anglada-gutierrez\/"]}]},{"@type":"ImageObject","inLanguage":"es","@id":"https:\/\/clavellcanals.com\/es\/nosotros\/sonia-anglada-gutierrez\/#primaryimage","url":"https:\/\/clavellcanals.com\/wp-content\/uploads\/2026\/02\/sonia.jpg","contentUrl":"https:\/\/clavellcanals.com\/wp-content\/uploads\/2026\/02\/sonia.jpg","width":876,"height":817},{"@type":"BreadcrumbList","@id":"https:\/\/clavellcanals.com\/es\/nosotros\/sonia-anglada-gutierrez\/#breadcrumb","itemListElement":[{"@type":"ListItem","position":1,"name":"Inici","item":"https:\/\/clavellcanals.com\/es\/"},{"@type":"ListItem","position":2,"name":"Nosotros","item":"https:\/\/clavellcanals.com\/es\/nosotros\/"},{"@type":"ListItem","position":3,"name":"S\u00f2nia Anglada Guti\u00e9rrez"}]},{"@type":"WebSite","@id":"https:\/\/clavellcanals.com\/#website","url":"https:\/\/clavellcanals.com\/","name":"Clavell Canals Consulting","description":"","potentialAction":[{"@type":"SearchAction","target":{"@type":"EntryPoint","urlTemplate":"https:\/\/clavellcanals.com\/?s={search_term_string}"},"query-input":{"@type":"PropertyValueSpecification","valueRequired":true,"valueName":"search_term_string"}}],"inLanguage":"es"}]}},"_links":{"self":[{"href":"https:\/\/clavellcanals.com\/es\/wp-json\/wp\/v2\/pages\/715","targetHints":{"allow":["GET"]}}],"collection":[{"href":"https:\/\/clavellcanals.com\/es\/wp-json\/wp\/v2\/pages"}],"about":[{"href":"https:\/\/clavellcanals.com\/es\/wp-json\/wp\/v2\/types\/page"}],"author":[{"embeddable":true,"href":"https:\/\/clavellcanals.com\/es\/wp-json\/wp\/v2\/users\/1"}],"replies":[{"embeddable":true,"href":"https:\/\/clavellcanals.com\/es\/wp-json\/wp\/v2\/comments?post=715"}],"version-history":[{"count":5,"href":"https:\/\/clavellcanals.com\/es\/wp-json\/wp\/v2\/pages\/715\/revisions"}],"predecessor-version":[{"id":1747,"href":"https:\/\/clavellcanals.com\/es\/wp-json\/wp\/v2\/pages\/715\/revisions\/1747"}],"up":[{"embeddable":true,"href":"https:\/\/clavellcanals.com\/es\/wp-json\/wp\/v2\/pages\/735"}],"wp:featuredmedia":[{"embeddable":true,"href":"https:\/\/clavellcanals.com\/es\/wp-json\/wp\/v2\/media\/1586"}],"wp:attachment":[{"href":"https:\/\/clavellcanals.com\/es\/wp-json\/wp\/v2\/media?parent=715"}],"curies":[{"name":"wp","href":"https:\/\/api.w.org\/{rel}","templated":true}]}}