{"id":719,"date":"2024-03-22T10:16:02","date_gmt":"2024-03-22T10:16:02","guid":{"rendered":"http:\/\/clavellcanals.com\/aleix-canals-compan\/"},"modified":"2026-03-16T09:02:57","modified_gmt":"2026-03-16T09:02:57","slug":"aleix-canals-compan","status":"publish","type":"page","link":"https:\/\/clavellcanals.com\/es\/nosotros\/aleix-canals-compan\/","title":{"rendered":"Aleix Canals Compan"},"content":{"rendered":"<p><b>Abogado<\/b>\u00a0especialista en Derecho Civil y Administrativo. Licenciado en Derecho per la Universitat de Barcelona, ha cursado diferentes estudios post universitarios, como el Diploma de Postgrado en Fiscalidad Internacional y los Postgrados en Derecho Inmobiliario y Urban\u00edstico y en Derecho de la Edificaci\u00f3n, y la Construcci\u00f3n.<\/p>\n<p><b>Colegiado<\/b>\u00a0en el Ilustre Colegio de Abogados de Granollers en 2005, inicia el ejercicio profesional en el despacho Izquierdo Asociados, y posteriormente por cuenta propia.<\/p>\n<p><b>Profesor<\/b>\u00a0asociado al Departamento de Derecho Administrativo de la Universidad de Barcelona, ha impartido diferentes jornadas como formador en materia de vivienda y urbanismo.<\/p>\n<p><b>Ponente<\/b>\u00a0y participante en diversas jornadas y congresos de vivienda y urbanismo.<\/p>\n<p><b>Autor<\/b>\u00a0de libros y art\u00edculos en diversas publicaciones especializadas.<\/p>\n<p>Habla catal\u00e1n y castellano nativos y nivel alto de ingl\u00e9s.<\/p>\n","protected":false},"excerpt":{"rendered":"<p>Abogado\u00a0especialista en Derecho Civil y Administrativo. Licenciado en Derecho per la Universitat de Barcelona, ha cursado diferentes estudios post universitarios, como el Diploma de Postgrado en Fiscalidad Internacional y los Postgrados en Derecho Inmobiliario y Urban\u00edstico y en Derecho de la Edificaci\u00f3n, y la Construcci\u00f3n. Colegiado\u00a0en el Ilustre Colegio de Abogados de Granollers en 2005, [&hellip;]<\/p>\n","protected":false},"author":1,"featured_media":1580,"parent":735,"menu_order":2,"comment_status":"closed","ping_status":"closed","template":"page-equip.php","meta":{"_acf_changed":false,"footnotes":""},"class_list":["post-719","page","type-page","status-publish","has-post-thumbnail","hentry"],"acf":[],"yoast_head":"<!-- This site is optimized with the Yoast SEO plugin v23.9 - https:\/\/yoast.com\/wordpress\/plugins\/seo\/ -->\n<title>Aleix Canals Compan - Clavell Canals Consulting<\/title>\n<meta name=\"robots\" content=\"index, follow, max-snippet:-1, max-image-preview:large, max-video-preview:-1\" \/>\n<link rel=\"canonical\" href=\"https:\/\/clavellcanals.com\/es\/nosotros\/aleix-canals-compan\/\" \/>\n<meta property=\"og:locale\" content=\"es_ES\" \/>\n<meta property=\"og:type\" content=\"article\" \/>\n<meta property=\"og:title\" content=\"Aleix Canals Compan - Clavell Canals Consulting\" \/>\n<meta property=\"og:description\" content=\"Abogado\u00a0especialista en Derecho Civil y Administrativo. Licenciado en Derecho per la Universitat de Barcelona, ha cursado diferentes estudios post universitarios, como el Diploma de Postgrado en Fiscalidad Internacional y los Postgrados en Derecho Inmobiliario y Urban\u00edstico y en Derecho de la Edificaci\u00f3n, y la Construcci\u00f3n. Colegiado\u00a0en el Ilustre Colegio de Abogados de Granollers en 2005, [&hellip;]\" \/>\n<meta property=\"og:url\" content=\"https:\/\/clavellcanals.com\/es\/nosotros\/aleix-canals-compan\/\" \/>\n<meta property=\"og:site_name\" content=\"Clavell Canals Consulting\" \/>\n<meta property=\"article:modified_time\" content=\"2026-03-16T09:02:57+00:00\" \/>\n<meta property=\"og:image\" content=\"http:\/\/clavellcanals.com\/wp-content\/uploads\/2026\/02\/aleix.jpg\" \/>\n\t<meta property=\"og:image:width\" content=\"876\" \/>\n\t<meta property=\"og:image:height\" content=\"817\" \/>\n\t<meta property=\"og:image:type\" content=\"image\/jpeg\" \/>\n<meta name=\"twitter:card\" content=\"summary_large_image\" \/>\n<meta name=\"twitter:label1\" content=\"Tiempo de lectura\" \/>\n\t<meta name=\"twitter:data1\" content=\"1 minuto\" \/>\n<script type=\"application\/ld+json\" class=\"yoast-schema-graph\">{\"@context\":\"https:\/\/schema.org\",\"@graph\":[{\"@type\":\"WebPage\",\"@id\":\"https:\/\/clavellcanals.com\/es\/nosotros\/aleix-canals-compan\/\",\"url\":\"https:\/\/clavellcanals.com\/es\/nosotros\/aleix-canals-compan\/\",\"name\":\"Aleix Canals Compan - Clavell Canals Consulting\",\"isPartOf\":{\"@id\":\"https:\/\/clavellcanals.com\/#website\"},\"primaryImageOfPage\":{\"@id\":\"https:\/\/clavellcanals.com\/es\/nosotros\/aleix-canals-compan\/#primaryimage\"},\"image\":{\"@id\":\"https:\/\/clavellcanals.com\/es\/nosotros\/aleix-canals-compan\/#primaryimage\"},\"thumbnailUrl\":\"https:\/\/clavellcanals.com\/wp-content\/uploads\/2026\/02\/aleix.jpg\",\"datePublished\":\"2024-03-22T10:16:02+00:00\",\"dateModified\":\"2026-03-16T09:02:57+00:00\",\"breadcrumb\":{\"@id\":\"https:\/\/clavellcanals.com\/es\/nosotros\/aleix-canals-compan\/#breadcrumb\"},\"inLanguage\":\"es\",\"potentialAction\":[{\"@type\":\"ReadAction\",\"target\":[\"https:\/\/clavellcanals.com\/es\/nosotros\/aleix-canals-compan\/\"]}]},{\"@type\":\"ImageObject\",\"inLanguage\":\"es\",\"@id\":\"https:\/\/clavellcanals.com\/es\/nosotros\/aleix-canals-compan\/#primaryimage\",\"url\":\"https:\/\/clavellcanals.com\/wp-content\/uploads\/2026\/02\/aleix.jpg\",\"contentUrl\":\"https:\/\/clavellcanals.com\/wp-content\/uploads\/2026\/02\/aleix.jpg\",\"width\":876,\"height\":817},{\"@type\":\"BreadcrumbList\",\"@id\":\"https:\/\/clavellcanals.com\/es\/nosotros\/aleix-canals-compan\/#breadcrumb\",\"itemListElement\":[{\"@type\":\"ListItem\",\"position\":1,\"name\":\"Inici\",\"item\":\"https:\/\/clavellcanals.com\/es\/\"},{\"@type\":\"ListItem\",\"position\":2,\"name\":\"Nosotros\",\"item\":\"https:\/\/clavellcanals.com\/es\/nosotros\/\"},{\"@type\":\"ListItem\",\"position\":3,\"name\":\"Aleix Canals Compan\"}]},{\"@type\":\"WebSite\",\"@id\":\"https:\/\/clavellcanals.com\/#website\",\"url\":\"https:\/\/clavellcanals.com\/\",\"name\":\"Clavell Canals Consulting\",\"description\":\"\",\"potentialAction\":[{\"@type\":\"SearchAction\",\"target\":{\"@type\":\"EntryPoint\",\"urlTemplate\":\"https:\/\/clavellcanals.com\/?s={search_term_string}\"},\"query-input\":{\"@type\":\"PropertyValueSpecification\",\"valueRequired\":true,\"valueName\":\"search_term_string\"}}],\"inLanguage\":\"es\"}]}<\/script>\n<!-- \/ Yoast SEO plugin. -->","yoast_head_json":{"title":"Aleix Canals Compan - Clavell Canals Consulting","robots":{"index":"index","follow":"follow","max-snippet":"max-snippet:-1","max-image-preview":"max-image-preview:large","max-video-preview":"max-video-preview:-1"},"canonical":"https:\/\/clavellcanals.com\/es\/nosotros\/aleix-canals-compan\/","og_locale":"es_ES","og_type":"article","og_title":"Aleix Canals Compan - Clavell Canals Consulting","og_description":"Abogado\u00a0especialista en Derecho Civil y Administrativo. Licenciado en Derecho per la Universitat de Barcelona, ha cursado diferentes estudios post universitarios, como el Diploma de Postgrado en Fiscalidad Internacional y los Postgrados en Derecho Inmobiliario y Urban\u00edstico y en Derecho de la Edificaci\u00f3n, y la Construcci\u00f3n. Colegiado\u00a0en el Ilustre Colegio de Abogados de Granollers en 2005, [&hellip;]","og_url":"https:\/\/clavellcanals.com\/es\/nosotros\/aleix-canals-compan\/","og_site_name":"Clavell Canals Consulting","article_modified_time":"2026-03-16T09:02:57+00:00","og_image":[{"width":876,"height":817,"url":"http:\/\/clavellcanals.com\/wp-content\/uploads\/2026\/02\/aleix.jpg","type":"image\/jpeg"}],"twitter_card":"summary_large_image","twitter_misc":{"Tiempo de lectura":"1 minuto"},"schema":{"@context":"https:\/\/schema.org","@graph":[{"@type":"WebPage","@id":"https:\/\/clavellcanals.com\/es\/nosotros\/aleix-canals-compan\/","url":"https:\/\/clavellcanals.com\/es\/nosotros\/aleix-canals-compan\/","name":"Aleix Canals Compan - Clavell Canals Consulting","isPartOf":{"@id":"https:\/\/clavellcanals.com\/#website"},"primaryImageOfPage":{"@id":"https:\/\/clavellcanals.com\/es\/nosotros\/aleix-canals-compan\/#primaryimage"},"image":{"@id":"https:\/\/clavellcanals.com\/es\/nosotros\/aleix-canals-compan\/#primaryimage"},"thumbnailUrl":"https:\/\/clavellcanals.com\/wp-content\/uploads\/2026\/02\/aleix.jpg","datePublished":"2024-03-22T10:16:02+00:00","dateModified":"2026-03-16T09:02:57+00:00","breadcrumb":{"@id":"https:\/\/clavellcanals.com\/es\/nosotros\/aleix-canals-compan\/#breadcrumb"},"inLanguage":"es","potentialAction":[{"@type":"ReadAction","target":["https:\/\/clavellcanals.com\/es\/nosotros\/aleix-canals-compan\/"]}]},{"@type":"ImageObject","inLanguage":"es","@id":"https:\/\/clavellcanals.com\/es\/nosotros\/aleix-canals-compan\/#primaryimage","url":"https:\/\/clavellcanals.com\/wp-content\/uploads\/2026\/02\/aleix.jpg","contentUrl":"https:\/\/clavellcanals.com\/wp-content\/uploads\/2026\/02\/aleix.jpg","width":876,"height":817},{"@type":"BreadcrumbList","@id":"https:\/\/clavellcanals.com\/es\/nosotros\/aleix-canals-compan\/#breadcrumb","itemListElement":[{"@type":"ListItem","position":1,"name":"Inici","item":"https:\/\/clavellcanals.com\/es\/"},{"@type":"ListItem","position":2,"name":"Nosotros","item":"https:\/\/clavellcanals.com\/es\/nosotros\/"},{"@type":"ListItem","position":3,"name":"Aleix Canals Compan"}]},{"@type":"WebSite","@id":"https:\/\/clavellcanals.com\/#website","url":"https:\/\/clavellcanals.com\/","name":"Clavell Canals Consulting","description":"","potentialAction":[{"@type":"SearchAction","target":{"@type":"EntryPoint","urlTemplate":"https:\/\/clavellcanals.com\/?s={search_term_string}"},"query-input":{"@type":"PropertyValueSpecification","valueRequired":true,"valueName":"search_term_string"}}],"inLanguage":"es"}]}},"_links":{"self":[{"href":"https:\/\/clavellcanals.com\/es\/wp-json\/wp\/v2\/pages\/719","targetHints":{"allow":["GET"]}}],"collection":[{"href":"https:\/\/clavellcanals.com\/es\/wp-json\/wp\/v2\/pages"}],"about":[{"href":"https:\/\/clavellcanals.com\/es\/wp-json\/wp\/v2\/types\/page"}],"author":[{"embeddable":true,"href":"https:\/\/clavellcanals.com\/es\/wp-json\/wp\/v2\/users\/1"}],"replies":[{"embeddable":true,"href":"https:\/\/clavellcanals.com\/es\/wp-json\/wp\/v2\/comments?post=719"}],"version-history":[{"count":5,"href":"https:\/\/clavellcanals.com\/es\/wp-json\/wp\/v2\/pages\/719\/revisions"}],"predecessor-version":[{"id":1798,"href":"https:\/\/clavellcanals.com\/es\/wp-json\/wp\/v2\/pages\/719\/revisions\/1798"}],"up":[{"embeddable":true,"href":"https:\/\/clavellcanals.com\/es\/wp-json\/wp\/v2\/pages\/735"}],"wp:featuredmedia":[{"embeddable":true,"href":"https:\/\/clavellcanals.com\/es\/wp-json\/wp\/v2\/media\/1580"}],"wp:attachment":[{"href":"https:\/\/clavellcanals.com\/es\/wp-json\/wp\/v2\/media?parent=719"}],"curies":[{"name":"wp","href":"https:\/\/api.w.org\/{rel}","templated":true}]}}