{"id":730,"date":"2024-03-21T14:07:10","date_gmt":"2024-03-21T14:07:10","guid":{"rendered":"http:\/\/clavellcanals.com\/dolors-clavell-nadal\/"},"modified":"2026-03-16T09:03:11","modified_gmt":"2026-03-16T09:03:11","slug":"dolors-clavell-nadal","status":"publish","type":"page","link":"https:\/\/clavellcanals.com\/es\/nosotros\/dolors-clavell-nadal\/","title":{"rendered":"Dolors Clavell Nadal"},"content":{"rendered":"<p><b>Abogada,<\/b>\u00a0especialista en derecho administrativo. Dedicada a la defensa jur\u00eddica y asesoramiento de diversas entidades p\u00fablicas y privadas y a la elaboraci\u00f3n de proyectos normativos y al impulso de proyectos de concreci\u00f3n de las pol\u00edticas p\u00fablicas.<\/p>\n<p><b>Profesora<\/b>\u00a0en diversos m\u00e1ster y postgrados universitarios.<\/p>\n<p><b>Asesora<\/b>\u00a0del proceso de renovaci\u00f3n y transformaci\u00f3n urban\u00edstica del centro hist\u00f3rico de Barcelona entre 1988 y 1997.<\/p>\n<p><b>Consultora<\/b>\u00a0en equipos de cooperaci\u00f3n t\u00e9cnica en diversos pa\u00edses latinoamericanos.<\/p>\n<p><b>Diputada<\/b>\u00a0del Parlamento de Catalu\u00f1a entre 2003 y 2010. Presidenta de la Comisi\u00f3n de medio ambiente y vivienda, miembro de las Comisiones de pol\u00edtica territorial y obras p\u00fablicas, justicia, salud, derechos de las mujeres, mundializaci\u00f3n de la econom\u00eda.<\/p>\n<p><b>Ponente<\/b>\u00a0en diversas leyes, entre ellas Ley derecho a la vivienda (de la cual fue impulsora, miembro del equipo de elaboraci\u00f3n y relatora); Ley evaluaci\u00f3n ambiental planes y programas, Ley obra p\u00fablica, Ley mejora urbanizaciones con d\u00e9ficits urban\u00edsticos, Ley mejora barrios. Participante como t\u00e9cnica asesora en la elaboraci\u00f3n de la Ley estatal de Suelo de 2007.<\/p>\n<p><b>Autora<\/b>\u00a0de diversas publicaciones y art\u00edculos especializados, entre ellos Participaci\u00f3n y urbanismo; La ley del derecho a la vivienda, en perspectiva; Una pol\u00edtica de vivienda innovadora: la experiencia de Catalu\u00f1a; Comentarios Ley Urbanismo de Catalu\u00f1a; Procedimientos de protecci\u00f3n de la legalidad urban\u00edstica.<\/p>\n","protected":false},"excerpt":{"rendered":"<p>Abogada,\u00a0especialista en derecho administrativo. Dedicada a la defensa jur\u00eddica y asesoramiento de diversas entidades p\u00fablicas y privadas y a la elaboraci\u00f3n de proyectos normativos y al impulso de proyectos de concreci\u00f3n de las pol\u00edticas p\u00fablicas. Profesora\u00a0en diversos m\u00e1ster y postgrados universitarios. Asesora\u00a0del proceso de renovaci\u00f3n y transformaci\u00f3n urban\u00edstica del centro hist\u00f3rico de Barcelona entre 1988 [&hellip;]<\/p>\n","protected":false},"author":1,"featured_media":1583,"parent":735,"menu_order":1,"comment_status":"closed","ping_status":"closed","template":"page-equip.php","meta":{"_acf_changed":false,"footnotes":""},"class_list":["post-730","page","type-page","status-publish","has-post-thumbnail","hentry"],"acf":[],"yoast_head":"<!-- This site is optimized with the Yoast SEO plugin v23.9 - https:\/\/yoast.com\/wordpress\/plugins\/seo\/ -->\n<title>Dolors Clavell Nadal - Clavell Canals Consulting<\/title>\n<meta name=\"robots\" content=\"index, follow, max-snippet:-1, max-image-preview:large, max-video-preview:-1\" \/>\n<link rel=\"canonical\" href=\"https:\/\/clavellcanals.com\/es\/nosotros\/dolors-clavell-nadal\/\" \/>\n<meta property=\"og:locale\" content=\"es_ES\" \/>\n<meta property=\"og:type\" content=\"article\" \/>\n<meta property=\"og:title\" content=\"Dolors Clavell Nadal - Clavell Canals Consulting\" \/>\n<meta property=\"og:description\" content=\"Abogada,\u00a0especialista en derecho administrativo. Dedicada a la defensa jur\u00eddica y asesoramiento de diversas entidades p\u00fablicas y privadas y a la elaboraci\u00f3n de proyectos normativos y al impulso de proyectos de concreci\u00f3n de las pol\u00edticas p\u00fablicas. Profesora\u00a0en diversos m\u00e1ster y postgrados universitarios. Asesora\u00a0del proceso de renovaci\u00f3n y transformaci\u00f3n urban\u00edstica del centro hist\u00f3rico de Barcelona entre 1988 [&hellip;]\" \/>\n<meta property=\"og:url\" content=\"https:\/\/clavellcanals.com\/es\/nosotros\/dolors-clavell-nadal\/\" \/>\n<meta property=\"og:site_name\" content=\"Clavell Canals Consulting\" \/>\n<meta property=\"article:modified_time\" content=\"2026-03-16T09:03:11+00:00\" \/>\n<meta property=\"og:image\" content=\"http:\/\/clavellcanals.com\/wp-content\/uploads\/2026\/02\/dolors.jpg\" \/>\n\t<meta property=\"og:image:width\" content=\"876\" \/>\n\t<meta property=\"og:image:height\" content=\"817\" \/>\n\t<meta property=\"og:image:type\" content=\"image\/jpeg\" \/>\n<meta name=\"twitter:card\" content=\"summary_large_image\" \/>\n<meta name=\"twitter:label1\" content=\"Tiempo de lectura\" \/>\n\t<meta name=\"twitter:data1\" content=\"2 minutos\" \/>\n<script type=\"application\/ld+json\" class=\"yoast-schema-graph\">{\"@context\":\"https:\/\/schema.org\",\"@graph\":[{\"@type\":\"WebPage\",\"@id\":\"https:\/\/clavellcanals.com\/es\/nosotros\/dolors-clavell-nadal\/\",\"url\":\"https:\/\/clavellcanals.com\/es\/nosotros\/dolors-clavell-nadal\/\",\"name\":\"Dolors Clavell Nadal - Clavell Canals Consulting\",\"isPartOf\":{\"@id\":\"https:\/\/clavellcanals.com\/#website\"},\"primaryImageOfPage\":{\"@id\":\"https:\/\/clavellcanals.com\/es\/nosotros\/dolors-clavell-nadal\/#primaryimage\"},\"image\":{\"@id\":\"https:\/\/clavellcanals.com\/es\/nosotros\/dolors-clavell-nadal\/#primaryimage\"},\"thumbnailUrl\":\"https:\/\/clavellcanals.com\/wp-content\/uploads\/2026\/02\/dolors.jpg\",\"datePublished\":\"2024-03-21T14:07:10+00:00\",\"dateModified\":\"2026-03-16T09:03:11+00:00\",\"breadcrumb\":{\"@id\":\"https:\/\/clavellcanals.com\/es\/nosotros\/dolors-clavell-nadal\/#breadcrumb\"},\"inLanguage\":\"es\",\"potentialAction\":[{\"@type\":\"ReadAction\",\"target\":[\"https:\/\/clavellcanals.com\/es\/nosotros\/dolors-clavell-nadal\/\"]}]},{\"@type\":\"ImageObject\",\"inLanguage\":\"es\",\"@id\":\"https:\/\/clavellcanals.com\/es\/nosotros\/dolors-clavell-nadal\/#primaryimage\",\"url\":\"https:\/\/clavellcanals.com\/wp-content\/uploads\/2026\/02\/dolors.jpg\",\"contentUrl\":\"https:\/\/clavellcanals.com\/wp-content\/uploads\/2026\/02\/dolors.jpg\",\"width\":876,\"height\":817},{\"@type\":\"BreadcrumbList\",\"@id\":\"https:\/\/clavellcanals.com\/es\/nosotros\/dolors-clavell-nadal\/#breadcrumb\",\"itemListElement\":[{\"@type\":\"ListItem\",\"position\":1,\"name\":\"Inici\",\"item\":\"https:\/\/clavellcanals.com\/es\/\"},{\"@type\":\"ListItem\",\"position\":2,\"name\":\"Nosotros\",\"item\":\"https:\/\/clavellcanals.com\/es\/nosotros\/\"},{\"@type\":\"ListItem\",\"position\":3,\"name\":\"Dolors Clavell Nadal\"}]},{\"@type\":\"WebSite\",\"@id\":\"https:\/\/clavellcanals.com\/#website\",\"url\":\"https:\/\/clavellcanals.com\/\",\"name\":\"Clavell Canals Consulting\",\"description\":\"\",\"potentialAction\":[{\"@type\":\"SearchAction\",\"target\":{\"@type\":\"EntryPoint\",\"urlTemplate\":\"https:\/\/clavellcanals.com\/?s={search_term_string}\"},\"query-input\":{\"@type\":\"PropertyValueSpecification\",\"valueRequired\":true,\"valueName\":\"search_term_string\"}}],\"inLanguage\":\"es\"}]}<\/script>\n<!-- \/ Yoast SEO plugin. -->","yoast_head_json":{"title":"Dolors Clavell Nadal - Clavell Canals Consulting","robots":{"index":"index","follow":"follow","max-snippet":"max-snippet:-1","max-image-preview":"max-image-preview:large","max-video-preview":"max-video-preview:-1"},"canonical":"https:\/\/clavellcanals.com\/es\/nosotros\/dolors-clavell-nadal\/","og_locale":"es_ES","og_type":"article","og_title":"Dolors Clavell Nadal - Clavell Canals Consulting","og_description":"Abogada,\u00a0especialista en derecho administrativo. Dedicada a la defensa jur\u00eddica y asesoramiento de diversas entidades p\u00fablicas y privadas y a la elaboraci\u00f3n de proyectos normativos y al impulso de proyectos de concreci\u00f3n de las pol\u00edticas p\u00fablicas. Profesora\u00a0en diversos m\u00e1ster y postgrados universitarios. Asesora\u00a0del proceso de renovaci\u00f3n y transformaci\u00f3n urban\u00edstica del centro hist\u00f3rico de Barcelona entre 1988 [&hellip;]","og_url":"https:\/\/clavellcanals.com\/es\/nosotros\/dolors-clavell-nadal\/","og_site_name":"Clavell Canals Consulting","article_modified_time":"2026-03-16T09:03:11+00:00","og_image":[{"width":876,"height":817,"url":"http:\/\/clavellcanals.com\/wp-content\/uploads\/2026\/02\/dolors.jpg","type":"image\/jpeg"}],"twitter_card":"summary_large_image","twitter_misc":{"Tiempo de lectura":"2 minutos"},"schema":{"@context":"https:\/\/schema.org","@graph":[{"@type":"WebPage","@id":"https:\/\/clavellcanals.com\/es\/nosotros\/dolors-clavell-nadal\/","url":"https:\/\/clavellcanals.com\/es\/nosotros\/dolors-clavell-nadal\/","name":"Dolors Clavell Nadal - Clavell Canals Consulting","isPartOf":{"@id":"https:\/\/clavellcanals.com\/#website"},"primaryImageOfPage":{"@id":"https:\/\/clavellcanals.com\/es\/nosotros\/dolors-clavell-nadal\/#primaryimage"},"image":{"@id":"https:\/\/clavellcanals.com\/es\/nosotros\/dolors-clavell-nadal\/#primaryimage"},"thumbnailUrl":"https:\/\/clavellcanals.com\/wp-content\/uploads\/2026\/02\/dolors.jpg","datePublished":"2024-03-21T14:07:10+00:00","dateModified":"2026-03-16T09:03:11+00:00","breadcrumb":{"@id":"https:\/\/clavellcanals.com\/es\/nosotros\/dolors-clavell-nadal\/#breadcrumb"},"inLanguage":"es","potentialAction":[{"@type":"ReadAction","target":["https:\/\/clavellcanals.com\/es\/nosotros\/dolors-clavell-nadal\/"]}]},{"@type":"ImageObject","inLanguage":"es","@id":"https:\/\/clavellcanals.com\/es\/nosotros\/dolors-clavell-nadal\/#primaryimage","url":"https:\/\/clavellcanals.com\/wp-content\/uploads\/2026\/02\/dolors.jpg","contentUrl":"https:\/\/clavellcanals.com\/wp-content\/uploads\/2026\/02\/dolors.jpg","width":876,"height":817},{"@type":"BreadcrumbList","@id":"https:\/\/clavellcanals.com\/es\/nosotros\/dolors-clavell-nadal\/#breadcrumb","itemListElement":[{"@type":"ListItem","position":1,"name":"Inici","item":"https:\/\/clavellcanals.com\/es\/"},{"@type":"ListItem","position":2,"name":"Nosotros","item":"https:\/\/clavellcanals.com\/es\/nosotros\/"},{"@type":"ListItem","position":3,"name":"Dolors Clavell Nadal"}]},{"@type":"WebSite","@id":"https:\/\/clavellcanals.com\/#website","url":"https:\/\/clavellcanals.com\/","name":"Clavell Canals Consulting","description":"","potentialAction":[{"@type":"SearchAction","target":{"@type":"EntryPoint","urlTemplate":"https:\/\/clavellcanals.com\/?s={search_term_string}"},"query-input":{"@type":"PropertyValueSpecification","valueRequired":true,"valueName":"search_term_string"}}],"inLanguage":"es"}]}},"_links":{"self":[{"href":"https:\/\/clavellcanals.com\/es\/wp-json\/wp\/v2\/pages\/730","targetHints":{"allow":["GET"]}}],"collection":[{"href":"https:\/\/clavellcanals.com\/es\/wp-json\/wp\/v2\/pages"}],"about":[{"href":"https:\/\/clavellcanals.com\/es\/wp-json\/wp\/v2\/types\/page"}],"author":[{"embeddable":true,"href":"https:\/\/clavellcanals.com\/es\/wp-json\/wp\/v2\/users\/1"}],"replies":[{"embeddable":true,"href":"https:\/\/clavellcanals.com\/es\/wp-json\/wp\/v2\/comments?post=730"}],"version-history":[{"count":5,"href":"https:\/\/clavellcanals.com\/es\/wp-json\/wp\/v2\/pages\/730\/revisions"}],"predecessor-version":[{"id":1799,"href":"https:\/\/clavellcanals.com\/es\/wp-json\/wp\/v2\/pages\/730\/revisions\/1799"}],"up":[{"embeddable":true,"href":"https:\/\/clavellcanals.com\/es\/wp-json\/wp\/v2\/pages\/735"}],"wp:featuredmedia":[{"embeddable":true,"href":"https:\/\/clavellcanals.com\/es\/wp-json\/wp\/v2\/media\/1583"}],"wp:attachment":[{"href":"https:\/\/clavellcanals.com\/es\/wp-json\/wp\/v2\/media?parent=730"}],"curies":[{"name":"wp","href":"https:\/\/api.w.org\/{rel}","templated":true}]}}