{"id":733,"date":"2024-01-22T10:19:01","date_gmt":"2024-01-22T10:19:01","guid":{"rendered":"http:\/\/clavellcanals.com\/avis-legal\/"},"modified":"2026-03-09T08:12:06","modified_gmt":"2026-03-09T08:12:06","slug":"aviso-legal","status":"publish","type":"page","link":"https:\/\/clavellcanals.com\/es\/aviso-legal\/","title":{"rendered":"Aviso legal"},"content":{"rendered":"<p><b>Clavell Canals Consulting Group, S.L.P. <\/b>&#8211; C\/ Val\u00e8ncia, 243-245, 4t, 5a \u2013 08007 Barcelona &#8211; C.I.F. B66385790 e inscrita en el Registro Mercantil de Barcelona, es la propietaria de este sitio web.<\/p>\n<p>&nbsp;<\/p>\n<p>La utilizaci\u00f3n del sitio web est\u00e1 sujeta a las siguientes condiciones de uso. El hecho de acceder a la web y utilizar los materiales contenidos en ella implica que usted ha le\u00eddo y acepta, sin reserva alguna, estas condiciones.<\/p>\n<p>&nbsp;<\/p>\n<h3>Condiciones de uso<\/h3>\n<p>&nbsp;<\/p>\n<p>El sitio web contiene material preparado por Clavel Consulting con finalidades \u00fanicamente informativas. El usuario tiene que tener en cuenta que tal material pudiera no reflejar el estado legislativo o jurisprudencial m\u00e1s reciente sobre las cuestiones analizadas. As\u00ed mismo, este material puede ser modificado, desarrollado o actualizado sin notificaci\u00f3n previa.<\/p>\n<p>&nbsp;<\/p>\n<p>Qui\u00e9n utiliza la web, lo hace por su cuenta y riesgo. Clavel Consulting no se responsabiliza de los errores u omisiones en los que pueda incurrir el contenido de la misma. Clavel Consulting no podr\u00e1 ser considerada responsable de un eventual da\u00f1o derivado de la utilizaci\u00f3n de esta web, ni por cualquier actuaci\u00f3n realizada en base a la informaci\u00f3n que en ella se facilita. Por eso, el usuario no tiene que actuar en base a la informaci\u00f3n contenida, sin recurrir previamente al correspondiente asesoramiento profesional.<\/p>\n<p>&nbsp;<\/p>\n<p>Los enlaces o links que contienen el sitio web pueden conducir al usuario a otros lugares, p\u00e1ginas web y\/o aplicaciones gestionados por terceros, sobre los cuales Clavel Consulting no ejerce ning\u00fan tipo de control. Clavel Consulting no responde ni del contenido ni del estado de estos sitios web, y el acceso a los mismos a trav\u00e9s del sitio web tampoco implica que Clavel Consulting recomiende o apruebe su contenido.<\/p>\n","protected":false},"excerpt":{"rendered":"<p>Clavell Canals Consulting Group, S.L.P. &#8211; C\/ Val\u00e8ncia, 243-245, 4t, 5a \u2013 08007 Barcelona &#8211; C.I.F. B66385790 e inscrita en el Registro Mercantil de Barcelona, es la propietaria de este sitio web. &nbsp; La utilizaci\u00f3n del sitio web est\u00e1 sujeta a las siguientes condiciones de uso. El hecho de acceder a la web y utilizar [&hellip;]<\/p>\n","protected":false},"author":1,"featured_media":0,"parent":0,"menu_order":0,"comment_status":"closed","ping_status":"closed","template":"","meta":{"_acf_changed":false,"footnotes":""},"class_list":["post-733","page","type-page","status-publish","hentry"],"acf":[],"yoast_head":"<!-- This site is optimized with the Yoast SEO plugin v23.9 - https:\/\/yoast.com\/wordpress\/plugins\/seo\/ -->\n<title>Aviso legal - Clavell Canals Consulting<\/title>\n<meta name=\"robots\" content=\"index, follow, max-snippet:-1, max-image-preview:large, max-video-preview:-1\" \/>\n<link rel=\"canonical\" href=\"https:\/\/clavellcanals.com\/es\/aviso-legal\/\" \/>\n<meta property=\"og:locale\" content=\"es_ES\" \/>\n<meta property=\"og:type\" content=\"article\" \/>\n<meta property=\"og:title\" content=\"Aviso legal - Clavell Canals Consulting\" \/>\n<meta property=\"og:description\" content=\"Clavell Canals Consulting Group, S.L.P. &#8211; C\/ Val\u00e8ncia, 243-245, 4t, 5a \u2013 08007 Barcelona &#8211; C.I.F. B66385790 e inscrita en el Registro Mercantil de Barcelona, es la propietaria de este sitio web. &nbsp; La utilizaci\u00f3n del sitio web est\u00e1 sujeta a las siguientes condiciones de uso. El hecho de acceder a la web y utilizar [&hellip;]\" \/>\n<meta property=\"og:url\" content=\"https:\/\/clavellcanals.com\/es\/aviso-legal\/\" \/>\n<meta property=\"og:site_name\" content=\"Clavell Canals Consulting\" \/>\n<meta property=\"article:modified_time\" content=\"2026-03-09T08:12:06+00:00\" \/>\n<meta name=\"twitter:card\" content=\"summary_large_image\" \/>\n<meta name=\"twitter:label1\" content=\"Tiempo de lectura\" \/>\n\t<meta name=\"twitter:data1\" content=\"2 minutos\" \/>\n<script type=\"application\/ld+json\" class=\"yoast-schema-graph\">{\"@context\":\"https:\/\/schema.org\",\"@graph\":[{\"@type\":\"WebPage\",\"@id\":\"https:\/\/clavellcanals.com\/es\/aviso-legal\/\",\"url\":\"https:\/\/clavellcanals.com\/es\/aviso-legal\/\",\"name\":\"Aviso legal - Clavell Canals Consulting\",\"isPartOf\":{\"@id\":\"https:\/\/clavellcanals.com\/#website\"},\"datePublished\":\"2024-01-22T10:19:01+00:00\",\"dateModified\":\"2026-03-09T08:12:06+00:00\",\"breadcrumb\":{\"@id\":\"https:\/\/clavellcanals.com\/es\/aviso-legal\/#breadcrumb\"},\"inLanguage\":\"es\",\"potentialAction\":[{\"@type\":\"ReadAction\",\"target\":[\"https:\/\/clavellcanals.com\/es\/aviso-legal\/\"]}]},{\"@type\":\"BreadcrumbList\",\"@id\":\"https:\/\/clavellcanals.com\/es\/aviso-legal\/#breadcrumb\",\"itemListElement\":[{\"@type\":\"ListItem\",\"position\":1,\"name\":\"Inici\",\"item\":\"https:\/\/clavellcanals.com\/es\/\"},{\"@type\":\"ListItem\",\"position\":2,\"name\":\"Aviso legal\"}]},{\"@type\":\"WebSite\",\"@id\":\"https:\/\/clavellcanals.com\/#website\",\"url\":\"https:\/\/clavellcanals.com\/\",\"name\":\"Clavell Canals Consulting\",\"description\":\"\",\"potentialAction\":[{\"@type\":\"SearchAction\",\"target\":{\"@type\":\"EntryPoint\",\"urlTemplate\":\"https:\/\/clavellcanals.com\/?s={search_term_string}\"},\"query-input\":{\"@type\":\"PropertyValueSpecification\",\"valueRequired\":true,\"valueName\":\"search_term_string\"}}],\"inLanguage\":\"es\"}]}<\/script>\n<!-- \/ Yoast SEO plugin. -->","yoast_head_json":{"title":"Aviso legal - Clavell Canals Consulting","robots":{"index":"index","follow":"follow","max-snippet":"max-snippet:-1","max-image-preview":"max-image-preview:large","max-video-preview":"max-video-preview:-1"},"canonical":"https:\/\/clavellcanals.com\/es\/aviso-legal\/","og_locale":"es_ES","og_type":"article","og_title":"Aviso legal - Clavell Canals Consulting","og_description":"Clavell Canals Consulting Group, S.L.P. &#8211; C\/ Val\u00e8ncia, 243-245, 4t, 5a \u2013 08007 Barcelona &#8211; C.I.F. B66385790 e inscrita en el Registro Mercantil de Barcelona, es la propietaria de este sitio web. &nbsp; La utilizaci\u00f3n del sitio web est\u00e1 sujeta a las siguientes condiciones de uso. El hecho de acceder a la web y utilizar [&hellip;]","og_url":"https:\/\/clavellcanals.com\/es\/aviso-legal\/","og_site_name":"Clavell Canals Consulting","article_modified_time":"2026-03-09T08:12:06+00:00","twitter_card":"summary_large_image","twitter_misc":{"Tiempo de lectura":"2 minutos"},"schema":{"@context":"https:\/\/schema.org","@graph":[{"@type":"WebPage","@id":"https:\/\/clavellcanals.com\/es\/aviso-legal\/","url":"https:\/\/clavellcanals.com\/es\/aviso-legal\/","name":"Aviso legal - Clavell Canals Consulting","isPartOf":{"@id":"https:\/\/clavellcanals.com\/#website"},"datePublished":"2024-01-22T10:19:01+00:00","dateModified":"2026-03-09T08:12:06+00:00","breadcrumb":{"@id":"https:\/\/clavellcanals.com\/es\/aviso-legal\/#breadcrumb"},"inLanguage":"es","potentialAction":[{"@type":"ReadAction","target":["https:\/\/clavellcanals.com\/es\/aviso-legal\/"]}]},{"@type":"BreadcrumbList","@id":"https:\/\/clavellcanals.com\/es\/aviso-legal\/#breadcrumb","itemListElement":[{"@type":"ListItem","position":1,"name":"Inici","item":"https:\/\/clavellcanals.com\/es\/"},{"@type":"ListItem","position":2,"name":"Aviso legal"}]},{"@type":"WebSite","@id":"https:\/\/clavellcanals.com\/#website","url":"https:\/\/clavellcanals.com\/","name":"Clavell Canals Consulting","description":"","potentialAction":[{"@type":"SearchAction","target":{"@type":"EntryPoint","urlTemplate":"https:\/\/clavellcanals.com\/?s={search_term_string}"},"query-input":{"@type":"PropertyValueSpecification","valueRequired":true,"valueName":"search_term_string"}}],"inLanguage":"es"}]}},"_links":{"self":[{"href":"https:\/\/clavellcanals.com\/es\/wp-json\/wp\/v2\/pages\/733","targetHints":{"allow":["GET"]}}],"collection":[{"href":"https:\/\/clavellcanals.com\/es\/wp-json\/wp\/v2\/pages"}],"about":[{"href":"https:\/\/clavellcanals.com\/es\/wp-json\/wp\/v2\/types\/page"}],"author":[{"embeddable":true,"href":"https:\/\/clavellcanals.com\/es\/wp-json\/wp\/v2\/users\/1"}],"replies":[{"embeddable":true,"href":"https:\/\/clavellcanals.com\/es\/wp-json\/wp\/v2\/comments?post=733"}],"version-history":[{"count":7,"href":"https:\/\/clavellcanals.com\/es\/wp-json\/wp\/v2\/pages\/733\/revisions"}],"predecessor-version":[{"id":1755,"href":"https:\/\/clavellcanals.com\/es\/wp-json\/wp\/v2\/pages\/733\/revisions\/1755"}],"wp:attachment":[{"href":"https:\/\/clavellcanals.com\/es\/wp-json\/wp\/v2\/media?parent=733"}],"curies":[{"name":"wp","href":"https:\/\/api.w.org\/{rel}","templated":true}]}}